{"id":7761,"date":"2026-03-04T10:32:28","date_gmt":"2026-03-04T09:32:28","guid":{"rendered":"https:\/\/ophiradistribution.com\/registro-distribuidores\/"},"modified":"2026-03-06T12:29:21","modified_gmt":"2026-03-06T11:29:21","slug":"distributor-registration","status":"publish","type":"page","link":"https:\/\/ophiradistribution.com\/en\/distributor-registration\/","title":{"rendered":"Distributor registration"},"content":{"rendered":"\t\t<div data-elementor-type=\"wp-page\" data-elementor-id=\"7761\" class=\"elementor elementor-7761 elementor-7567\" data-elementor-post-type=\"page\">\n\t\t\t\t<div class=\"elementor-element elementor-element-4d64c00 e-flex e-con-boxed e-con e-parent\" data-id=\"4d64c00\" data-element_type=\"container\" data-e-type=\"container\" data-settings=\"{&quot;background_background&quot;:&quot;classic&quot;}\">\r\n\t\t\t\t\t<div class=\"e-con-inner\">\r\n\t\t\t\t<div class=\"elementor-element elementor-element-8a70da0 elementor-widget elementor-widget-heading\" data-id=\"8a70da0\" data-element_type=\"widget\" data-e-type=\"widget\" data-widget_type=\"heading.default\">\n\t\t\t\t\t<h2 class=\"elementor-heading-title elementor-size-default\">Distributor registration<\/h2>\t\t\t\t<\/div>\n\t\t\t\t\t<\/div>\n\t\t\t\t<\/div>\n\t\t<div class=\"elementor-element elementor-element-64df0e8 e-flex e-con-boxed e-con e-parent\" data-id=\"64df0e8\" data-element_type=\"container\" data-e-type=\"container\">\r\n\t\t\t\t\t<div class=\"e-con-inner\">\r\n\t\t\t\t<div class=\"elementor-element elementor-element-9e4c734 elementor-widget elementor-widget-shortcode\" data-id=\"9e4c734\" data-element_type=\"widget\" data-e-type=\"widget\" data-widget_type=\"shortcode.default\">\n\t\t\t\t\t\t\t<div class=\"elementor-shortcode\">\n<div class=\"um um-register um-7808\">\n\t<div class=\"um-form\" data-mode=\"register\">\n\t\t<form method=\"post\" action=\"\">\n\t\t\t<div class=\"um-row _um_row_1 \" style=\"margin: 0 0 30px 0;\"><div class=\"um-col-121\"><div  id=\"um_field_7808_billing_company\" class=\"um-field um-field-text  um-field-billing_company um-field-text um-field-type_text\" data-key=\"billing_company\"><div class=\"um-field-label\"><label for=\"billing_company-7808\">Company Name<span class=\"um-req\" title=\"Required\">*<\/span><\/label><div class=\"um-clear\"><\/div><\/div><div class=\"um-field-area\"><input  autocomplete=\"off\" class=\"um-form-field valid \" type=\"text\" name=\"billing_company-7808\" id=\"billing_company-7808\" value=\"\" placeholder=\"\" data-validate=\"\" data-key=\"billing_company\"  aria-invalid=\"false\" \/>\n\n\t\t\t\t\t\t<\/div><\/div><div  id=\"um_field_7808_billing_cif\" class=\"um-field um-field-text  um-field-billing_cif um-field-text um-field-type_text\" data-key=\"billing_cif\"><div class=\"um-field-label\"><label for=\"billing_cif-7808\">NIF \/ CIF<span class=\"um-req\" title=\"Required\">*<\/span><\/label><div class=\"um-clear\"><\/div><\/div><div class=\"um-field-area\"><input  autocomplete=\"off\" class=\"um-form-field valid \" type=\"text\" name=\"billing_cif-7808\" id=\"billing_cif-7808\" value=\"\" placeholder=\"\" data-validate=\"\" data-key=\"billing_cif\"  aria-invalid=\"false\" \/>\n\n\t\t\t\t\t\t<\/div><\/div><div  id=\"um_field_7808_billing_address_1\" class=\"um-field um-field-text  um-field-billing_address_1 um-field-text um-field-type_text\" data-key=\"billing_address_1\"><div class=\"um-field-label\"><label for=\"billing_address_1-7808\">Address<span class=\"um-req\" title=\"Required\">*<\/span><\/label><div class=\"um-clear\"><\/div><\/div><div class=\"um-field-area\"><input  autocomplete=\"off\" class=\"um-form-field valid \" type=\"text\" name=\"billing_address_1-7808\" id=\"billing_address_1-7808\" value=\"\" placeholder=\"\" data-validate=\"\" data-key=\"billing_address_1\"  aria-invalid=\"false\" \/>\n\n\t\t\t\t\t\t<\/div><\/div><div  id=\"um_field_7808_billing_postcode\" class=\"um-field um-field-text  um-field-billing_postcode um-field-text um-field-type_text\" data-key=\"billing_postcode\"><div class=\"um-field-label\"><label for=\"billing_postcode-7808\">Zip code<span class=\"um-req\" title=\"Required\">*<\/span><\/label><div class=\"um-clear\"><\/div><\/div><div class=\"um-field-area\"><input  autocomplete=\"off\" class=\"um-form-field valid \" type=\"text\" name=\"billing_postcode-7808\" id=\"billing_postcode-7808\" value=\"\" placeholder=\"\" data-validate=\"\" data-key=\"billing_postcode\"  aria-invalid=\"false\" \/>\n\n\t\t\t\t\t\t<\/div><\/div><div  id=\"um_field_7808_billing_city\" class=\"um-field um-field-text  um-field-billing_city um-field-text um-field-type_text\" data-key=\"billing_city\"><div class=\"um-field-label\"><label for=\"billing_city-7808\">City<span class=\"um-req\" title=\"Required\">*<\/span><\/label><div class=\"um-clear\"><\/div><\/div><div class=\"um-field-area\"><input  autocomplete=\"off\" class=\"um-form-field valid \" type=\"text\" name=\"billing_city-7808\" id=\"billing_city-7808\" value=\"\" placeholder=\"\" data-validate=\"\" data-key=\"billing_city\"  aria-invalid=\"false\" \/>\n\n\t\t\t\t\t\t<\/div><\/div><div  id=\"um_field_7808_billing_recargo_equivalencia\" class=\"um-field um-field-checkbox  um-field-billing_recargo_equivalencia um-field-checkbox um-field-type_checkbox\" data-key=\"billing_recargo_equivalencia\"  aria-invalid=\"false\" ><div class=\"um-field-label\"><label for=\"billing_recargo_equivalencia-7808\">Equivalence surcharge<\/label><div class=\"um-clear\"><\/div><\/div><div class=\"um-field-area\"><label class=\"um-field-checkbox  um-field-half \"><input   type=\"checkbox\" name=\"billing_recargo_equivalencia[]\" value=\"Activate equivalence surcharge\"  \/><span class=\"um-field-checkbox-state\"><i class=\"um-icon-android-checkbox-outline-blank\"><\/i><\/span><span class=\"um-field-checkbox-option\">Activate equivalence surcharge<\/span><\/label><div class=\"um-clear\"><\/div><\/div><\/div><\/div><div class=\"um-col-122\"><div  id=\"um_field_7808_first_name\" class=\"um-field um-field-text  um-field-first_name um-field-text um-field-type_text\" data-key=\"first_name\"><div class=\"um-field-label\"><label for=\"first_name-7808\">Name<span class=\"um-req\" title=\"Required\">*<\/span><\/label><div class=\"um-clear\"><\/div><\/div><div class=\"um-field-area\"><input  autocomplete=\"off\" class=\"um-form-field valid \" type=\"text\" name=\"first_name-7808\" id=\"first_name-7808\" value=\"\" placeholder=\"\" data-validate=\"\" data-key=\"first_name\"  aria-invalid=\"false\" \/>\n\n\t\t\t\t\t\t<\/div><\/div><div  id=\"um_field_7808_last_name\" class=\"um-field um-field-text  um-field-last_name um-field-text um-field-type_text\" data-key=\"last_name\"><div class=\"um-field-label\"><label for=\"last_name-7808\">Surnames<span class=\"um-req\" title=\"Required\">*<\/span><\/label><div class=\"um-clear\"><\/div><\/div><div class=\"um-field-area\"><input  autocomplete=\"off\" class=\"um-form-field valid \" type=\"text\" name=\"last_name-7808\" id=\"last_name-7808\" value=\"\" placeholder=\"\" data-validate=\"\" data-key=\"last_name\"  aria-invalid=\"false\" \/>\n\n\t\t\t\t\t\t<\/div><\/div><div  id=\"um_field_7808_user_email\" class=\"um-field um-field-text  um-field-user_email um-field-text um-field-type_text\" data-key=\"user_email\"><div class=\"um-field-label\"><label for=\"user_email-7808\">Email<span class=\"um-req\" title=\"Required\">*<\/span><\/label><div class=\"um-clear\"><\/div><\/div><div class=\"um-field-area\"><input  autocomplete=\"off\" class=\"um-form-field valid \" type=\"text\" name=\"user_email-7808\" id=\"user_email-7808\" value=\"\" placeholder=\"\" data-validate=\"unique_email\" data-key=\"user_email\"  aria-invalid=\"false\" \/>\n\n\t\t\t\t\t\t<\/div><\/div><div  id=\"um_field_7808_billing_phone\" class=\"um-field um-field-text  um-field-billing_phone um-field-text um-field-type_text\" data-key=\"billing_phone\"><div class=\"um-field-label\"><label for=\"billing_phone-7808\">Phone<span class=\"um-req\" title=\"Required\">*<\/span><\/label><div class=\"um-clear\"><\/div><\/div><div class=\"um-field-area\"><input  autocomplete=\"off\" class=\"um-form-field valid \" type=\"text\" name=\"billing_phone-7808\" id=\"billing_phone-7808\" value=\"\" placeholder=\"\" data-validate=\"\" data-key=\"billing_phone\"  aria-invalid=\"false\" \/>\n\n\t\t\t\t\t\t<\/div><\/div><div  id=\"um_field_7808_user_password\" class=\"um-field um-field-password  um-field-user_password um-field-password um-field-type_password\" data-key=\"user_password\"><div class=\"um-field-label\"><label for=\"user_password-7808\">Password<span class=\"um-req\" title=\"Required\">*<\/span><\/label><div class=\"um-clear\"><\/div><\/div><div class=\"um-field-area\"><input class=\"um-form-field valid \" type=\"password\" name=\"user_password-7808\" id=\"user_password-7808\" value=\"\" placeholder=\"\" data-validate=\"\" data-key=\"user_password\"  aria-invalid=\"false\" \/>\n\n\t\t\t\t\t\t\t<\/div><\/div><\/div><div class=\"um-clear\"><\/div><\/div>\n<!-- This file should primarily consist of HTML with a little bit of PHP. -->\n<div class=\"um-field um-field-type_terms_conditions\" data-key=\"use_terms_conditions_agreement\" style=\"display:block;padding:0;\">\n\t<div class=\"um-field-area\">\n\t\t<div class=\"um-gdpr-content\" style=\"display:none;\">\n\t\t\t<p>En cumplimiento de lo establecido en la Ley Org\u00e1nica 15\/1999, de 13 de diciembre, de protecci\u00f3n de datos de car\u00e1cter personal y del Reglamento Europeo UE 2016\/679 le informamos de lo siguiente:\u00a0<\/p>\n<h4>IDENTIDAD Y DATOS DE CONTACTO DEL RESPONSABLE DEL TRATAMIENTO<\/h4>\n<p>Comunicamos que los datos que usted nos facilite quedar\u00e1n incorporados y ser\u00e1n tratados en los ficheros titularidad de OPHIRA UNIVERSE SL con NIF B75512145, debidamente inscritos en el Registro General de Protecci\u00f3n de Datos, con el fin de poder prestar nuestros servicios, as\u00ed como para mantenerle informado sobre cuestiones relativas a la actividad de la empresa y sus servicios.\u00a0<\/p>\n<h4>MODALIDAD DE RECOGIDA Y TRATAMIENTO DE LOS DATOS<\/h4>\n<p>Los datos se recogen directamente del interesado, en forma presencial o mediante el formulario de nuestra web corporativa, facilitando al mismo toda la informaci\u00f3n necesaria que prev\u00e9 la ley. El tratamiento se realiza mediante instrumentos automatizados en cumplimiento de la normativa y de conformidad con los principios de correcci\u00f3n, licitud, transparencia y tutela de su confidencialidad y derechos. Nuestro sistema inform\u00e1tico est\u00e1 estructurado de manera que se pueda prevenir la p\u00e9rdida de datos, usos il\u00edcitos o no correctos y accesos no autorizados, cumpliendo con las normas de seguridad exigibles.\u00a0<\/p>\n<h4>BASE JUR\u00cdDICA \u2013 FINALIDAD DEL TRATAMIENTO<\/h4>\n<p>Los datos comunicados ser\u00e1n \u00fanicamente los estrictamente indispensables para la ejecuci\u00f3n de la prestaci\u00f3n solicitada: presupuestos, facturas, informes, \u2026 La comunicaci\u00f3n de estos datos es obligatoria para poder dar ejecuci\u00f3n a los servicios que se le han ofrecido y una posible denegaci\u00f3n de la comunicaci\u00f3n por su parte comportar\u00e1 para esta empresa la imposibilidad de cumplir con las prestaciones acordadas.\u00a0<\/p>\n<h4>DESTINATARIOS A LOS QUE SE LES PUEDE COMUNICAR SUS DATOS<\/h4>\n<p>Sus datos no se comunicar\u00e1n a terceros, excepto cuando sea necesario e indispensable (o, en todo caso, funcional) para el desarrollo de los servicios que nos ha pedido o haya una obligaci\u00f3n legal. Se realizar\u00e1n otras posibles comunicaciones a otros sujetos (autorizados, nombrados e instruidos espec\u00edficamente por el Responsable). Sus datos no se difundir\u00e1n a terceros sin que usted haya prestado previamente y expresamente su consentimiento y no ser\u00e1n objeto de transmisi\u00f3n, bajo ning\u00fan concepto, a terceros pa\u00edses fuera de la UE.\u00a0<\/p>\n<h4>DURACI\u00d3N DE LA CONSERVACI\u00d3N DE LOS DATOS DE CAR\u00c1CTER PERSONAL<\/h4>\n<p>Sus datos de car\u00e1cter personal se conservar\u00e1n durante el tiempo considerado \u00fatil para la ejecuci\u00f3n de la prestaci\u00f3n solicitada o para la gesti\u00f3n de actividades administrativas posteriores. OPHIRA UNIVERSE SL se compromete a tratar de forma confidencial los datos de car\u00e1cter personal facilitados y volverlas al interesado o destruir una vez finalizada la relaci\u00f3n contractual.\u00a0<\/p>\n<h4>DERECHOS DEL INTERESADO Y REVOCACI\u00d3N DEL CONSENTIMIENTO PRESTADO<\/h4>\n<p>Usted tiene derecho a solicitar al titular, en cualquier momento, el acceso a sus datos, as\u00ed como la rectificaci\u00f3n, la cancelaci\u00f3n o la portabilidad de los mismos. Asimismo tiene derecho a solicitar la limitaci\u00f3n del tratamiento o oponerse a este. Adem\u00e1s, podr\u00e1 revocar en cualquier momento los consentimientos prestados a trav\u00e9s de la presente nota informativa, dirigiendo su solicitud a info@ophiradistribution.com, aportando acreditaci\u00f3n de su identidad. En caso de que considere que sus datos hayan sido tratados de manera ileg\u00edtima, tiene derecho a dirigirse a la Autoridad de Control para presentar una reclamaci\u00f3n.\u00a0<\/p>\n<h4>PROCESOS DE DECISI\u00d3N AUTOMATIZADOS. CONSENTIMIENTO EXPRESO<\/h4>\n<p>El titular no utiliza, de ninguna manera, procesos de decisi\u00f3n automatizados concernientes a sus datos de car\u00e1cter personal. Con el env\u00edo de sus datos de car\u00e1cter personal a trav\u00e9s de nuestro formulario en la web usted da fe de la exactitud y actualizaci\u00f3n de los mismos, que ha sido informado de forma comprensible, precisa e inequ\u00edvoca del uso y tratamiento que se aplicaran a sus datos, de los derechos que le asisten y que da su consentimiento expreso para que OPHIRA UNIVERSE SL los pueda utilizar \u00fanica y exclusivamente para el fin concreto del servicio contratado.<\/p>\n\t\t<\/div>\n\t\t<a href=\"javascript:void(0);\" class=\"um-toggle-gdpr\" data-toggle-state=\"hidden\"\n\t\t\tdata-toggle-show=\"Show privacy policy\"\n\t\t\tdata-toggle-hide=\"Hide privacy policy\">\n\t\t\tShow privacy policy\t\t<\/a>\n\t<\/div>\n\t<div class=\"um-field-area\">\n\t\t<label class=\"um-field-checkbox\">\n\t\t\t<input type=\"checkbox\" name=\"use_gdpr_agreement\" value=\"1\">\n\t\t\t<span class=\"um-field-checkbox-state\"><i class=\"um-icon-android-checkbox-outline-blank\"><\/i><\/span>\n\t\t\t<span class=\"um-field-checkbox-option\">Please confirm that you agree to our privacy policy<\/span>\n\t\t<\/label>\n\t\t<div class=\"um-clear\"><\/div>\n\t\t\t\t<div class=\"um-clear\"><\/div>\n\t<\/div>\n<\/div>\n\t<input type=\"hidden\" name=\"form_id\" id=\"form_id_7808\" value=\"7808\" \/>\n\t\t<p class=\"um_request_name\">\n\t\t<label for=\"um_request_7808\">Only fill in if you are not human<\/label>\n\t\t<input type=\"hidden\" name=\"um_request\" id=\"um_request_7808\" class=\"input\" value=\"\" size=\"25\" autocomplete=\"off\" \/>\n\t<\/p>\n\t<input type=\"hidden\" id=\"_wpnonce\" name=\"_wpnonce\" value=\"2e73321192\" \/><input type=\"hidden\" name=\"_wp_http_referer\" value=\"\/en\/wp-json\/wp\/v2\/pages\/7761\" \/>\n\t<div class=\"um-col-alt\">\n\n\t\t\n\t\t\t<div class=\"um-left um-half\">\n\t\t\t\t<input type=\"submit\" value=\"Register\" class=\"um-button\" id=\"um-submit-btn\" \/>\n\t\t\t<\/div>\n\t\t\t<div class=\"um-right um-half\">\n\t\t\t\t<a href=\"\/mi-cuenta\" class=\"um-button um-alt\">\n\t\t\t\t\tLog in\t\t\t\t<\/a>\n\t\t\t<\/div>\n\n\t\t\n\t\t<div class=\"um-clear\"><\/div>\n\n\t<\/div>\n\n\t\t\t<\/form>\n\t<\/div>\n<\/div>\n<style>\n\t\t\t.um-7808.um {\n\t\t\tmax-width: 100%;\n\t\t}\n\t\t<\/style>\n<\/div>\n\t\t\t\t\t\t<\/div>\n\t\t\t\t\t<\/div>\n\t\t\t\t<\/div>\n\t\t\t\t<\/div>\n\t\t","protected":false},"excerpt":{"rendered":"<p>Distributor registration<\/p>\n","protected":false},"author":1,"featured_media":0,"parent":0,"menu_order":0,"comment_status":"closed","ping_status":"closed","template":"elementor_header_footer","meta":{"footnotes":""},"class_list":["post-7761","page","type-page","status-publish","hentry"],"yoast_head":"<!-- This site is optimized with the Yoast SEO plugin v27.1.1 - https:\/\/yoast.com\/product\/yoast-seo-wordpress\/ -->\n<title>Distributor registration - OPHIRA UNIVERSE SL<\/title>\n<meta name=\"robots\" content=\"index, follow, max-snippet:-1, max-image-preview:large, max-video-preview:-1\" \/>\n<link rel=\"canonical\" href=\"https:\/\/ophiradistribution.com\/en\/distributor-registration\/\" \/>\n<meta property=\"og:locale\" content=\"en_US\" \/>\n<meta property=\"og:type\" content=\"article\" \/>\n<meta property=\"og:title\" content=\"Distributor registration - OPHIRA UNIVERSE SL\" \/>\n<meta property=\"og:description\" content=\"Distributor registration\" \/>\n<meta property=\"og:url\" content=\"https:\/\/ophiradistribution.com\/en\/distributor-registration\/\" \/>\n<meta property=\"og:site_name\" content=\"OPHIRA UNIVERSE SL\" \/>\n<meta property=\"article:modified_time\" content=\"2026-03-06T11:29:21+00:00\" \/>\n<meta name=\"twitter:card\" content=\"summary_large_image\" \/>\n<script type=\"application\/ld+json\" class=\"yoast-schema-graph\">{\"@context\":\"https:\/\/schema.org\",\"@graph\":[{\"@type\":\"WebPage\",\"@id\":\"https:\/\/ophiradistribution.com\/en\/distributor-registration\/\",\"url\":\"https:\/\/ophiradistribution.com\/en\/distributor-registration\/\",\"name\":\"Distributor registration - OPHIRA UNIVERSE SL\",\"isPartOf\":{\"@id\":\"https:\/\/ophiradistribution.com\/en\/#website\"},\"datePublished\":\"2026-03-04T09:32:28+00:00\",\"dateModified\":\"2026-03-06T11:29:21+00:00\",\"breadcrumb\":{\"@id\":\"https:\/\/ophiradistribution.com\/en\/distributor-registration\/#breadcrumb\"},\"inLanguage\":\"en-US\",\"potentialAction\":[{\"@type\":\"ReadAction\",\"target\":[\"https:\/\/ophiradistribution.com\/en\/distributor-registration\/\"]}]},{\"@type\":\"BreadcrumbList\",\"@id\":\"https:\/\/ophiradistribution.com\/en\/distributor-registration\/#breadcrumb\",\"itemListElement\":[{\"@type\":\"ListItem\",\"position\":1,\"name\":\"Portada\",\"item\":\"https:\/\/ophiradistribution.com\/en\/\"},{\"@type\":\"ListItem\",\"position\":2,\"name\":\"Distributor registration\"}]},{\"@type\":\"WebSite\",\"@id\":\"https:\/\/ophiradistribution.com\/en\/#website\",\"url\":\"https:\/\/ophiradistribution.com\/en\/\",\"name\":\"OPHIRA DISTRIBUTION\",\"description\":\"Distribuidores de productos de vapeo y CBD en la UE\",\"publisher\":{\"@id\":\"https:\/\/ophiradistribution.com\/en\/#organization\"},\"potentialAction\":[{\"@type\":\"SearchAction\",\"target\":{\"@type\":\"EntryPoint\",\"urlTemplate\":\"https:\/\/ophiradistribution.com\/en\/?s={search_term_string}\"},\"query-input\":{\"@type\":\"PropertyValueSpecification\",\"valueRequired\":true,\"valueName\":\"search_term_string\"}}],\"inLanguage\":\"en-US\"},{\"@type\":\"Organization\",\"@id\":\"https:\/\/ophiradistribution.com\/en\/#organization\",\"name\":\"OPHIRA UNIVERSE SL\",\"url\":\"https:\/\/ophiradistribution.com\/en\/\",\"logo\":{\"@type\":\"ImageObject\",\"inLanguage\":\"en-US\",\"@id\":\"https:\/\/ophiradistribution.com\/en\/#\/schema\/logo\/image\/\",\"url\":\"https:\/\/ophiradistribution.com\/wp-content\/uploads\/2026\/01\/ophira_logo_big.png\",\"contentUrl\":\"https:\/\/ophiradistribution.com\/wp-content\/uploads\/2026\/01\/ophira_logo_big.png\",\"width\":500,\"height\":433,\"caption\":\"OPHIRA UNIVERSE SL\"},\"image\":{\"@id\":\"https:\/\/ophiradistribution.com\/en\/#\/schema\/logo\/image\/\"}}]}<\/script>\n<!-- \/ Yoast SEO plugin. -->","yoast_head_json":{"title":"Distributor registration - OPHIRA UNIVERSE SL","robots":{"index":"index","follow":"follow","max-snippet":"max-snippet:-1","max-image-preview":"max-image-preview:large","max-video-preview":"max-video-preview:-1"},"canonical":"https:\/\/ophiradistribution.com\/en\/distributor-registration\/","og_locale":"en_US","og_type":"article","og_title":"Distributor registration - OPHIRA UNIVERSE SL","og_description":"Distributor registration","og_url":"https:\/\/ophiradistribution.com\/en\/distributor-registration\/","og_site_name":"OPHIRA UNIVERSE SL","article_modified_time":"2026-03-06T11:29:21+00:00","twitter_card":"summary_large_image","schema":{"@context":"https:\/\/schema.org","@graph":[{"@type":"WebPage","@id":"https:\/\/ophiradistribution.com\/en\/distributor-registration\/","url":"https:\/\/ophiradistribution.com\/en\/distributor-registration\/","name":"Distributor registration - OPHIRA UNIVERSE SL","isPartOf":{"@id":"https:\/\/ophiradistribution.com\/en\/#website"},"datePublished":"2026-03-04T09:32:28+00:00","dateModified":"2026-03-06T11:29:21+00:00","breadcrumb":{"@id":"https:\/\/ophiradistribution.com\/en\/distributor-registration\/#breadcrumb"},"inLanguage":"en-US","potentialAction":[{"@type":"ReadAction","target":["https:\/\/ophiradistribution.com\/en\/distributor-registration\/"]}]},{"@type":"BreadcrumbList","@id":"https:\/\/ophiradistribution.com\/en\/distributor-registration\/#breadcrumb","itemListElement":[{"@type":"ListItem","position":1,"name":"Portada","item":"https:\/\/ophiradistribution.com\/en\/"},{"@type":"ListItem","position":2,"name":"Distributor registration"}]},{"@type":"WebSite","@id":"https:\/\/ophiradistribution.com\/en\/#website","url":"https:\/\/ophiradistribution.com\/en\/","name":"OPHIRA DISTRIBUTION","description":"Distribuidores de productos de vapeo y CBD en la UE","publisher":{"@id":"https:\/\/ophiradistribution.com\/en\/#organization"},"potentialAction":[{"@type":"SearchAction","target":{"@type":"EntryPoint","urlTemplate":"https:\/\/ophiradistribution.com\/en\/?s={search_term_string}"},"query-input":{"@type":"PropertyValueSpecification","valueRequired":true,"valueName":"search_term_string"}}],"inLanguage":"en-US"},{"@type":"Organization","@id":"https:\/\/ophiradistribution.com\/en\/#organization","name":"OPHIRA UNIVERSE SL","url":"https:\/\/ophiradistribution.com\/en\/","logo":{"@type":"ImageObject","inLanguage":"en-US","@id":"https:\/\/ophiradistribution.com\/en\/#\/schema\/logo\/image\/","url":"https:\/\/ophiradistribution.com\/wp-content\/uploads\/2026\/01\/ophira_logo_big.png","contentUrl":"https:\/\/ophiradistribution.com\/wp-content\/uploads\/2026\/01\/ophira_logo_big.png","width":500,"height":433,"caption":"OPHIRA UNIVERSE SL"},"image":{"@id":"https:\/\/ophiradistribution.com\/en\/#\/schema\/logo\/image\/"}}]}},"_links":{"self":[{"href":"https:\/\/ophiradistribution.com\/en\/wp-json\/wp\/v2\/pages\/7761","targetHints":{"allow":["GET"]}}],"collection":[{"href":"https:\/\/ophiradistribution.com\/en\/wp-json\/wp\/v2\/pages"}],"about":[{"href":"https:\/\/ophiradistribution.com\/en\/wp-json\/wp\/v2\/types\/page"}],"author":[{"embeddable":true,"href":"https:\/\/ophiradistribution.com\/en\/wp-json\/wp\/v2\/users\/1"}],"replies":[{"embeddable":true,"href":"https:\/\/ophiradistribution.com\/en\/wp-json\/wp\/v2\/comments?post=7761"}],"version-history":[{"count":7,"href":"https:\/\/ophiradistribution.com\/en\/wp-json\/wp\/v2\/pages\/7761\/revisions"}],"predecessor-version":[{"id":7812,"href":"https:\/\/ophiradistribution.com\/en\/wp-json\/wp\/v2\/pages\/7761\/revisions\/7812"}],"wp:attachment":[{"href":"https:\/\/ophiradistribution.com\/en\/wp-json\/wp\/v2\/media?parent=7761"}],"curies":[{"name":"wp","href":"https:\/\/api.w.org\/{rel}","templated":true}]}}