{"id":8498,"date":"2026-03-08T17:35:54","date_gmt":"2026-03-08T16:35:54","guid":{"rendered":"https:\/\/ophiradistribution.com\/?post_type=product&#038;p=8498"},"modified":"2026-03-08T17:35:54","modified_gmt":"2026-03-08T16:35:54","slug":"boj-reserva-30","status":"publish","type":"product","link":"https:\/\/ophiradistribution.com\/en\/product\/boj-reserva-30\/","title":{"rendered":"Boj Reserva 30"},"content":{"rendered":"<p><b><strong>Boj Reserva\u00a030<\/strong><\/b><\/p>\n<p><b><strong>Este l\u00edquido es Boj que ha permanecido 4 semanas en una barrica de roble franc\u00e9s.<\/strong><\/b><\/p>\n<p><b><strong>SABOR PREMIADO EN LA VAPEXPO DE BARCELONA 2017 COMO EL MEJOR L\u00cdQUIDO\u00a0DE TABACO<\/strong><\/b><\/p>\n<p>Nuestro conocido l\u00edquido Boj, ganador del premio al mejor sabor de tabaco en VapExpo 2017, guardado en barrica de roble franc\u00e9s durante 4 semanas.<\/p>\n<p>Extracto natural de tabaco derivado de la variedad de tabaco North American Shade, cultivada bajo sombra en el valle del r\u00edo Connecticut en los EE.UU.,<\/p>\n<p>Se utiliza como la capa m\u00e1s externa de las marcas de cigarros de lujo.<\/p>\n<p style=\"font-weight: inherit !important; font-style: inherit !important;\">Este producto consta de una\u00a0<b><strong>botella de 30 ml<\/strong><\/b>\u00a0con\u00a0<b><strong>10 ml de aroma concentrado Boj Reserva en base 100% PG<\/strong><\/b>,\u00a0<b><strong>sin nicotina<\/strong><\/b>.<\/p>\n<p style=\"font-weight: inherit !important; font-style: inherit !important;\">Para obtener\u00a0<b><strong>30 ml de l\u00edquido listo para vapear<\/strong><\/b>, simplemente a\u00f1ade:<\/p>\n<ul>\n<li>1 \u00d7 10 ml de\u00a0<b><strong>VG<\/strong><\/b><\/li>\n<li>1 \u00d7 10 ml de\u00a0<b><strong>base 50% PG \/ 50% VG<\/strong><\/b><\/li>\n<\/ul>\n<p style=\"font-weight: inherit !important; font-style: inherit !important;\"><em>(Estas botellas\u00a0<b><strong>no est\u00e1n incluidas<\/strong><\/b>)<\/em><\/p>\n<p style=\"font-weight: inherit !important; font-style: inherit !important;\">\n<p style=\"font-weight: inherit !important; font-style: inherit !important;\">Las botellas que se deben a\u00f1adir pueden ser\u00a0<b><strong>sin nicotina<\/strong><\/b>, con\u00a0<b><strong>nicotina<\/strong><\/b>\u00a0o con\u00a0<b><strong>sales de nicotina<\/strong><\/b>, seg\u00fan tu preferencia.<\/p>\n","protected":false},"excerpt":{"rendered":"<p>Boj Reserva\u00a030 Este l\u00edquido es Boj que ha permanecido 4 semanas en una barrica de roble franc\u00e9s. SABOR PREMIADO EN LA VAPEXPO DE BARCELONA 2017 COMO EL MEJOR L\u00cdQUIDO\u00a0DE TABACO Nuestro conocido l\u00edquido Boj, ganador del premio al mejor sabor de tabaco en VapExpo 2017, guardado en barrica de roble franc\u00e9s durante 4 semanas. Extracto [&hellip;]<\/p>\n","protected":false},"featured_media":8501,"template":"","meta":[],"product_brand":[77],"product_cat":[62,291,287,58],"product_tag":[],"class_list":{"0":"post-8498","1":"product","2":"type-product","3":"status-publish","4":"has-post-thumbnail","6":"product_brand-herrera","7":"product_cat-aromas","8":"product_cat-boj","9":"product_cat-herrera","10":"product_cat-vapeo","12":"first","13":"instock","14":"taxable","15":"shipping-taxable","16":"product-type-simple"},"yoast_head":"<!-- This site is optimized with the Yoast SEO plugin v27.1.1 - https:\/\/yoast.com\/product\/yoast-seo-wordpress\/ -->\n<title>Boj Reserva 30 - OPHIRA UNIVERSE SL<\/title>\n<meta name=\"robots\" content=\"index, follow, max-snippet:-1, max-image-preview:large, max-video-preview:-1\" \/>\n<link rel=\"canonical\" href=\"https:\/\/ophiradistribution.com\/en\/product\/boj-reserva-30\/\" \/>\n<meta property=\"og:locale\" content=\"en_US\" \/>\n<meta property=\"og:type\" content=\"article\" \/>\n<meta property=\"og:title\" content=\"Boj Reserva 30 - OPHIRA UNIVERSE SL\" \/>\n<meta property=\"og:description\" content=\"Boj Reserva\u00a030 Este l\u00edquido es Boj que ha permanecido 4 semanas en una barrica de roble franc\u00e9s. SABOR PREMIADO EN LA VAPEXPO DE BARCELONA 2017 COMO EL MEJOR L\u00cdQUIDO\u00a0DE TABACO Nuestro conocido l\u00edquido Boj, ganador del premio al mejor sabor de tabaco en VapExpo 2017, guardado en barrica de roble franc\u00e9s durante 4 semanas. Extracto [&hellip;]\" \/>\n<meta property=\"og:url\" content=\"https:\/\/ophiradistribution.com\/en\/product\/boj-reserva-30\/\" \/>\n<meta property=\"og:site_name\" content=\"OPHIRA UNIVERSE SL\" \/>\n<meta property=\"og:image\" content=\"https:\/\/ophiradistribution.com\/wp-content\/uploads\/2026\/03\/herrera-boj-reserva-longfill-10ml-30ml.webp\" \/>\n\t<meta property=\"og:image:width\" content=\"600\" \/>\n\t<meta property=\"og:image:height\" content=\"600\" \/>\n\t<meta property=\"og:image:type\" content=\"image\/webp\" \/>\n<meta name=\"twitter:card\" content=\"summary_large_image\" \/>\n<meta name=\"twitter:label1\" content=\"Est. reading time\" \/>\n\t<meta name=\"twitter:data1\" content=\"1 minute\" \/>\n<script type=\"application\/ld+json\" class=\"yoast-schema-graph\">{\"@context\":\"https:\/\/schema.org\",\"@graph\":[{\"@type\":\"WebPage\",\"@id\":\"https:\/\/ophiradistribution.com\/en\/product\/boj-reserva-30\/\",\"url\":\"https:\/\/ophiradistribution.com\/en\/product\/boj-reserva-30\/\",\"name\":\"Boj Reserva 30 - OPHIRA UNIVERSE SL\",\"isPartOf\":{\"@id\":\"https:\/\/ophiradistribution.com\/en\/#website\"},\"primaryImageOfPage\":{\"@id\":\"https:\/\/ophiradistribution.com\/en\/product\/boj-reserva-30\/#primaryimage\"},\"image\":{\"@id\":\"https:\/\/ophiradistribution.com\/en\/product\/boj-reserva-30\/#primaryimage\"},\"thumbnailUrl\":\"https:\/\/ophiradistribution.com\/wp-content\/uploads\/2026\/03\/herrera-boj-reserva-longfill-10ml-30ml.webp\",\"datePublished\":\"2026-03-08T16:35:54+00:00\",\"breadcrumb\":{\"@id\":\"https:\/\/ophiradistribution.com\/en\/product\/boj-reserva-30\/#breadcrumb\"},\"inLanguage\":\"en-US\",\"potentialAction\":[{\"@type\":\"ReadAction\",\"target\":[\"https:\/\/ophiradistribution.com\/en\/product\/boj-reserva-30\/\"]}]},{\"@type\":\"ImageObject\",\"inLanguage\":\"en-US\",\"@id\":\"https:\/\/ophiradistribution.com\/en\/product\/boj-reserva-30\/#primaryimage\",\"url\":\"https:\/\/ophiradistribution.com\/wp-content\/uploads\/2026\/03\/herrera-boj-reserva-longfill-10ml-30ml.webp\",\"contentUrl\":\"https:\/\/ophiradistribution.com\/wp-content\/uploads\/2026\/03\/herrera-boj-reserva-longfill-10ml-30ml.webp\",\"width\":600,\"height\":600},{\"@type\":\"BreadcrumbList\",\"@id\":\"https:\/\/ophiradistribution.com\/en\/product\/boj-reserva-30\/#breadcrumb\",\"itemListElement\":[{\"@type\":\"ListItem\",\"position\":1,\"name\":\"Portada\",\"item\":\"https:\/\/ophiradistribution.com\/en\/\"},{\"@type\":\"ListItem\",\"position\":2,\"name\":\"Shop\",\"item\":\"https:\/\/ophiradistribution.com\/en\/shop\/\"},{\"@type\":\"ListItem\",\"position\":3,\"name\":\"Boj Reserva 30\"}]},{\"@type\":\"WebSite\",\"@id\":\"https:\/\/ophiradistribution.com\/en\/#website\",\"url\":\"https:\/\/ophiradistribution.com\/en\/\",\"name\":\"OPHIRA DISTRIBUTION\",\"description\":\"Distribuidores de productos de vapeo y CBD en la UE\",\"publisher\":{\"@id\":\"https:\/\/ophiradistribution.com\/en\/#organization\"},\"potentialAction\":[{\"@type\":\"SearchAction\",\"target\":{\"@type\":\"EntryPoint\",\"urlTemplate\":\"https:\/\/ophiradistribution.com\/en\/?s={search_term_string}\"},\"query-input\":{\"@type\":\"PropertyValueSpecification\",\"valueRequired\":true,\"valueName\":\"search_term_string\"}}],\"inLanguage\":\"en-US\"},{\"@type\":\"Organization\",\"@id\":\"https:\/\/ophiradistribution.com\/en\/#organization\",\"name\":\"OPHIRA UNIVERSE SL\",\"url\":\"https:\/\/ophiradistribution.com\/en\/\",\"logo\":{\"@type\":\"ImageObject\",\"inLanguage\":\"en-US\",\"@id\":\"https:\/\/ophiradistribution.com\/en\/#\/schema\/logo\/image\/\",\"url\":\"https:\/\/ophiradistribution.com\/wp-content\/uploads\/2026\/01\/ophira_logo_big.png\",\"contentUrl\":\"https:\/\/ophiradistribution.com\/wp-content\/uploads\/2026\/01\/ophira_logo_big.png\",\"width\":500,\"height\":433,\"caption\":\"OPHIRA UNIVERSE SL\"},\"image\":{\"@id\":\"https:\/\/ophiradistribution.com\/en\/#\/schema\/logo\/image\/\"}}]}<\/script>\n<!-- \/ Yoast SEO plugin. -->","yoast_head_json":{"title":"Boj Reserva 30 - OPHIRA UNIVERSE SL","robots":{"index":"index","follow":"follow","max-snippet":"max-snippet:-1","max-image-preview":"max-image-preview:large","max-video-preview":"max-video-preview:-1"},"canonical":"https:\/\/ophiradistribution.com\/en\/product\/boj-reserva-30\/","og_locale":"en_US","og_type":"article","og_title":"Boj Reserva 30 - OPHIRA UNIVERSE SL","og_description":"Boj Reserva\u00a030 Este l\u00edquido es Boj que ha permanecido 4 semanas en una barrica de roble franc\u00e9s. SABOR PREMIADO EN LA VAPEXPO DE BARCELONA 2017 COMO EL MEJOR L\u00cdQUIDO\u00a0DE TABACO Nuestro conocido l\u00edquido Boj, ganador del premio al mejor sabor de tabaco en VapExpo 2017, guardado en barrica de roble franc\u00e9s durante 4 semanas. Extracto [&hellip;]","og_url":"https:\/\/ophiradistribution.com\/en\/product\/boj-reserva-30\/","og_site_name":"OPHIRA UNIVERSE SL","og_image":[{"width":600,"height":600,"url":"https:\/\/ophiradistribution.com\/wp-content\/uploads\/2026\/03\/herrera-boj-reserva-longfill-10ml-30ml.webp","type":"image\/webp"}],"twitter_card":"summary_large_image","twitter_misc":{"Est. reading time":"1 minute"},"schema":{"@context":"https:\/\/schema.org","@graph":[{"@type":"WebPage","@id":"https:\/\/ophiradistribution.com\/en\/product\/boj-reserva-30\/","url":"https:\/\/ophiradistribution.com\/en\/product\/boj-reserva-30\/","name":"Boj Reserva 30 - OPHIRA UNIVERSE SL","isPartOf":{"@id":"https:\/\/ophiradistribution.com\/en\/#website"},"primaryImageOfPage":{"@id":"https:\/\/ophiradistribution.com\/en\/product\/boj-reserva-30\/#primaryimage"},"image":{"@id":"https:\/\/ophiradistribution.com\/en\/product\/boj-reserva-30\/#primaryimage"},"thumbnailUrl":"https:\/\/ophiradistribution.com\/wp-content\/uploads\/2026\/03\/herrera-boj-reserva-longfill-10ml-30ml.webp","datePublished":"2026-03-08T16:35:54+00:00","breadcrumb":{"@id":"https:\/\/ophiradistribution.com\/en\/product\/boj-reserva-30\/#breadcrumb"},"inLanguage":"en-US","potentialAction":[{"@type":"ReadAction","target":["https:\/\/ophiradistribution.com\/en\/product\/boj-reserva-30\/"]}]},{"@type":"ImageObject","inLanguage":"en-US","@id":"https:\/\/ophiradistribution.com\/en\/product\/boj-reserva-30\/#primaryimage","url":"https:\/\/ophiradistribution.com\/wp-content\/uploads\/2026\/03\/herrera-boj-reserva-longfill-10ml-30ml.webp","contentUrl":"https:\/\/ophiradistribution.com\/wp-content\/uploads\/2026\/03\/herrera-boj-reserva-longfill-10ml-30ml.webp","width":600,"height":600},{"@type":"BreadcrumbList","@id":"https:\/\/ophiradistribution.com\/en\/product\/boj-reserva-30\/#breadcrumb","itemListElement":[{"@type":"ListItem","position":1,"name":"Portada","item":"https:\/\/ophiradistribution.com\/en\/"},{"@type":"ListItem","position":2,"name":"Shop","item":"https:\/\/ophiradistribution.com\/en\/shop\/"},{"@type":"ListItem","position":3,"name":"Boj Reserva 30"}]},{"@type":"WebSite","@id":"https:\/\/ophiradistribution.com\/en\/#website","url":"https:\/\/ophiradistribution.com\/en\/","name":"OPHIRA DISTRIBUTION","description":"Distribuidores de productos de vapeo y CBD en la UE","publisher":{"@id":"https:\/\/ophiradistribution.com\/en\/#organization"},"potentialAction":[{"@type":"SearchAction","target":{"@type":"EntryPoint","urlTemplate":"https:\/\/ophiradistribution.com\/en\/?s={search_term_string}"},"query-input":{"@type":"PropertyValueSpecification","valueRequired":true,"valueName":"search_term_string"}}],"inLanguage":"en-US"},{"@type":"Organization","@id":"https:\/\/ophiradistribution.com\/en\/#organization","name":"OPHIRA UNIVERSE SL","url":"https:\/\/ophiradistribution.com\/en\/","logo":{"@type":"ImageObject","inLanguage":"en-US","@id":"https:\/\/ophiradistribution.com\/en\/#\/schema\/logo\/image\/","url":"https:\/\/ophiradistribution.com\/wp-content\/uploads\/2026\/01\/ophira_logo_big.png","contentUrl":"https:\/\/ophiradistribution.com\/wp-content\/uploads\/2026\/01\/ophira_logo_big.png","width":500,"height":433,"caption":"OPHIRA UNIVERSE SL"},"image":{"@id":"https:\/\/ophiradistribution.com\/en\/#\/schema\/logo\/image\/"}}]}},"_links":{"self":[{"href":"https:\/\/ophiradistribution.com\/en\/wp-json\/wp\/v2\/product\/8498","targetHints":{"allow":["GET"]}}],"collection":[{"href":"https:\/\/ophiradistribution.com\/en\/wp-json\/wp\/v2\/product"}],"about":[{"href":"https:\/\/ophiradistribution.com\/en\/wp-json\/wp\/v2\/types\/product"}],"wp:featuredmedia":[{"embeddable":true,"href":"https:\/\/ophiradistribution.com\/en\/wp-json\/wp\/v2\/media\/8501"}],"wp:attachment":[{"href":"https:\/\/ophiradistribution.com\/en\/wp-json\/wp\/v2\/media?parent=8498"}],"wp:term":[{"taxonomy":"product_brand","embeddable":true,"href":"https:\/\/ophiradistribution.com\/en\/wp-json\/wp\/v2\/product_brand?post=8498"},{"taxonomy":"product_cat","embeddable":true,"href":"https:\/\/ophiradistribution.com\/en\/wp-json\/wp\/v2\/product_cat?post=8498"},{"taxonomy":"product_tag","embeddable":true,"href":"https:\/\/ophiradistribution.com\/en\/wp-json\/wp\/v2\/product_tag?post=8498"}],"curies":[{"name":"wp","href":"https:\/\/api.w.org\/{rel}","templated":true}]}}