{"id":8506,"date":"2026-03-08T17:47:50","date_gmt":"2026-03-08T16:47:50","guid":{"rendered":"https:\/\/ophiradistribution.com\/?post_type=product&#038;p=8506"},"modified":"2026-03-08T17:47:51","modified_gmt":"2026-03-08T16:47:51","slug":"boj-reserva-120","status":"publish","type":"product","link":"https:\/\/ophiradistribution.com\/en\/product\/boj-reserva-120\/","title":{"rendered":"Boj Reserva 120"},"content":{"rendered":"<section class=\"elementor-element elementor-element-6d686f21 elementor-section-tabbed elementor-section-boxed elementor-section-height-default elementor-section-height-default elementor-section elementor-inner-section\" data-id=\"6d686f21\" data-element_type=\"section\">\n<div class=\"elementor-container elementor-column-gap-default\">\n<div class=\"elementor-row\">\n<div class=\"elementor-element elementor-element-3b288dcf elementor-column elementor-col-100 elementor-inner-column elementor-active animated fadeIn\" data-id=\"3b288dcf\" data-element_type=\"column\" data-settings=\"{&quot;animation&quot;:&quot;fadeIn&quot;}\">\n<div class=\"elementor-column-wrap elementor-element-populated\">\n<div class=\"elementor-widget-wrap\">\n<div class=\"elementor-element elementor-element-4a7a6080 elementor-widget elementor-widget-product-description-short elementor-widget-text-editor\" data-id=\"4a7a6080\" data-element_type=\"widget\" data-widget_type=\"product-description-short.default\">\n<div class=\"elementor-widget-container\">\n<div class=\"ce-product-description-short\">\n<p><strong>Boj Reserva\u00a0120<\/strong><\/p>\n<p><b>Este l\u00edquido es Boj que ha permanecido 4 semanas en una barrica de roble franc\u00e9s.<\/b><\/p>\n<p><strong>SABOR PREMIADO EN LA VAPEXPO DE BARCELONA 2017 COMO EL MEJOR L\u00cdQUIDO DE TABACO<\/strong><\/p>\n<\/div>\n<\/div>\n<\/div>\n<\/div>\n<\/div>\n<\/div>\n<\/div>\n<\/div>\n<\/section>\n<div class=\"elementor-element elementor-element-7b8cf7b7 elementor-widget elementor-widget-product-description elementor-widget-text-editor\" data-id=\"7b8cf7b7\" data-element_type=\"widget\" data-widget_type=\"product-description.default\">\n<div class=\"elementor-widget-container\">\n<div class=\"ce-product-description\">\n<div class=\"elementor elementor-189030101\" data-elementor-type=\"post\" data-elementor-id=\"189030101\" data-elementor-settings=\"[]\">\n<div class=\"elementor-section-wrap\">\n<section class=\"elementor-element elementor-element-54e501d1 elementor-section-boxed elementor-section-height-default elementor-section-height-default elementor-section elementor-top-section\" data-id=\"54e501d1\" data-element_type=\"section\">\n<div class=\"elementor-container elementor-column-gap-default\">\n<div class=\"elementor-row\">\n<div class=\"elementor-element elementor-element-64b805bb elementor-column elementor-col-100 elementor-top-column\" data-id=\"64b805bb\" data-element_type=\"column\">\n<div class=\"elementor-column-wrap elementor-element-populated\">\n<div class=\"elementor-widget-wrap\">\n<div class=\"elementor-element elementor-element-41ce37b9 elementor-widget elementor-widget-text-editor\" data-id=\"41ce37b9\" data-element_type=\"widget\" data-widget_type=\"text-editor.default\">\n<div class=\"elementor-widget-container\">\n<div class=\"elementor-text-editor elementor-clearfix\">\n<p><span lang=\"es-trad\" xml:lang=\"es-trad\">Nuestro conocido l\u00edquido Boj, ganador del premio al mejor sabor de tabaco en VapExpo 2017, guardado en barrica de roble franc\u00e9s durante 4 semanas.<\/span><\/p>\n<p><span lang=\"es-trad\" xml:lang=\"es-trad\">Extracto natural de tabaco derivado de la variedad de tabaco North American Shade, cultivada bajo sombra en el valle del r\u00edo Connecticut en los EE.UU.,<\/span><\/p>\n<p><span lang=\"es-trad\" xml:lang=\"es-trad\">Se utiliza como la capa m\u00e1s externa de las marcas de cigarros de lujo.<\/span><\/p>\n<p>Este producto consta de una botella de 120 ml con 10 ml de aroma s\u00faper concentrado Boj Reserva en base 100% PG, sin nicotina.<\/p>\n<p>Se le deben a\u00f1adir 110 ml de PG y VG con o sin nicotina o sales de nicotina (no incluidos) para obtener 120 ml de l\u00edquido listo para vapear.<\/p>\n<p>Si se desea con un porcentaje 50% PG &#8211; 50% VG se debe a\u00f1adir 60 ml de VG y 50 ml de PG<\/p>\n<\/div>\n<\/div>\n<\/div>\n<\/div>\n<\/div>\n<\/div>\n<\/div>\n<\/div>\n<\/section>\n<\/div>\n<\/div>\n<\/div>\n<\/div>\n<\/div>\n","protected":false},"excerpt":{"rendered":"<p>Boj Reserva\u00a0120 Este l\u00edquido es Boj que ha permanecido 4 semanas en una barrica de roble franc\u00e9s. SABOR PREMIADO EN LA VAPEXPO DE BARCELONA 2017 COMO EL MEJOR L\u00cdQUIDO DE TABACO Nuestro conocido l\u00edquido Boj, ganador del premio al mejor sabor de tabaco en VapExpo 2017, guardado en barrica de roble franc\u00e9s durante 4 semanas. [&hellip;]<\/p>\n","protected":false},"featured_media":8507,"template":"","meta":[],"product_brand":[77],"product_cat":[62,291,287,58],"product_tag":[],"class_list":{"0":"post-8506","1":"product","2":"type-product","3":"status-publish","4":"has-post-thumbnail","6":"product_brand-herrera","7":"product_cat-aromas","8":"product_cat-boj","9":"product_cat-herrera","10":"product_cat-vapeo","12":"first","13":"instock","14":"taxable","15":"shipping-taxable","16":"product-type-simple"},"yoast_head":"<!-- This site is optimized with the Yoast SEO plugin v27.1.1 - https:\/\/yoast.com\/product\/yoast-seo-wordpress\/ -->\n<title>Boj Reserva 120 - OPHIRA UNIVERSE SL<\/title>\n<meta name=\"robots\" content=\"index, follow, max-snippet:-1, max-image-preview:large, max-video-preview:-1\" \/>\n<link rel=\"canonical\" href=\"https:\/\/ophiradistribution.com\/en\/product\/boj-reserva-120\/\" \/>\n<meta property=\"og:locale\" content=\"en_US\" \/>\n<meta property=\"og:type\" content=\"article\" \/>\n<meta property=\"og:title\" content=\"Boj Reserva 120 - OPHIRA UNIVERSE SL\" \/>\n<meta property=\"og:description\" content=\"Boj Reserva\u00a0120 Este l\u00edquido es Boj que ha permanecido 4 semanas en una barrica de roble franc\u00e9s. SABOR PREMIADO EN LA VAPEXPO DE BARCELONA 2017 COMO EL MEJOR L\u00cdQUIDO DE TABACO Nuestro conocido l\u00edquido Boj, ganador del premio al mejor sabor de tabaco en VapExpo 2017, guardado en barrica de roble franc\u00e9s durante 4 semanas. [&hellip;]\" \/>\n<meta property=\"og:url\" content=\"https:\/\/ophiradistribution.com\/en\/product\/boj-reserva-120\/\" \/>\n<meta property=\"og:site_name\" content=\"OPHIRA UNIVERSE SL\" \/>\n<meta property=\"article:modified_time\" content=\"2026-03-08T16:47:51+00:00\" \/>\n<meta property=\"og:image\" content=\"https:\/\/ophiradistribution.com\/wp-content\/uploads\/2026\/03\/herrera-boj-reserva-longfill-10ml-120ml.webp\" \/>\n\t<meta property=\"og:image:width\" content=\"600\" \/>\n\t<meta property=\"og:image:height\" content=\"600\" \/>\n\t<meta property=\"og:image:type\" content=\"image\/webp\" \/>\n<meta name=\"twitter:card\" content=\"summary_large_image\" \/>\n<meta name=\"twitter:label1\" content=\"Est. reading time\" \/>\n\t<meta name=\"twitter:data1\" content=\"1 minute\" \/>\n<script type=\"application\/ld+json\" class=\"yoast-schema-graph\">{\"@context\":\"https:\/\/schema.org\",\"@graph\":[{\"@type\":\"WebPage\",\"@id\":\"https:\/\/ophiradistribution.com\/en\/product\/boj-reserva-120\/\",\"url\":\"https:\/\/ophiradistribution.com\/en\/product\/boj-reserva-120\/\",\"name\":\"Boj Reserva 120 - OPHIRA UNIVERSE SL\",\"isPartOf\":{\"@id\":\"https:\/\/ophiradistribution.com\/en\/#website\"},\"primaryImageOfPage\":{\"@id\":\"https:\/\/ophiradistribution.com\/en\/product\/boj-reserva-120\/#primaryimage\"},\"image\":{\"@id\":\"https:\/\/ophiradistribution.com\/en\/product\/boj-reserva-120\/#primaryimage\"},\"thumbnailUrl\":\"https:\/\/ophiradistribution.com\/wp-content\/uploads\/2026\/03\/herrera-boj-reserva-longfill-10ml-120ml.webp\",\"datePublished\":\"2026-03-08T16:47:50+00:00\",\"dateModified\":\"2026-03-08T16:47:51+00:00\",\"breadcrumb\":{\"@id\":\"https:\/\/ophiradistribution.com\/en\/product\/boj-reserva-120\/#breadcrumb\"},\"inLanguage\":\"en-US\",\"potentialAction\":[{\"@type\":\"ReadAction\",\"target\":[\"https:\/\/ophiradistribution.com\/en\/product\/boj-reserva-120\/\"]}]},{\"@type\":\"ImageObject\",\"inLanguage\":\"en-US\",\"@id\":\"https:\/\/ophiradistribution.com\/en\/product\/boj-reserva-120\/#primaryimage\",\"url\":\"https:\/\/ophiradistribution.com\/wp-content\/uploads\/2026\/03\/herrera-boj-reserva-longfill-10ml-120ml.webp\",\"contentUrl\":\"https:\/\/ophiradistribution.com\/wp-content\/uploads\/2026\/03\/herrera-boj-reserva-longfill-10ml-120ml.webp\",\"width\":600,\"height\":600},{\"@type\":\"BreadcrumbList\",\"@id\":\"https:\/\/ophiradistribution.com\/en\/product\/boj-reserva-120\/#breadcrumb\",\"itemListElement\":[{\"@type\":\"ListItem\",\"position\":1,\"name\":\"Portada\",\"item\":\"https:\/\/ophiradistribution.com\/en\/\"},{\"@type\":\"ListItem\",\"position\":2,\"name\":\"Shop\",\"item\":\"https:\/\/ophiradistribution.com\/en\/shop\/\"},{\"@type\":\"ListItem\",\"position\":3,\"name\":\"Boj Reserva 120\"}]},{\"@type\":\"WebSite\",\"@id\":\"https:\/\/ophiradistribution.com\/en\/#website\",\"url\":\"https:\/\/ophiradistribution.com\/en\/\",\"name\":\"OPHIRA DISTRIBUTION\",\"description\":\"Distribuidores de productos de vapeo y CBD en la UE\",\"publisher\":{\"@id\":\"https:\/\/ophiradistribution.com\/en\/#organization\"},\"potentialAction\":[{\"@type\":\"SearchAction\",\"target\":{\"@type\":\"EntryPoint\",\"urlTemplate\":\"https:\/\/ophiradistribution.com\/en\/?s={search_term_string}\"},\"query-input\":{\"@type\":\"PropertyValueSpecification\",\"valueRequired\":true,\"valueName\":\"search_term_string\"}}],\"inLanguage\":\"en-US\"},{\"@type\":\"Organization\",\"@id\":\"https:\/\/ophiradistribution.com\/en\/#organization\",\"name\":\"OPHIRA UNIVERSE SL\",\"url\":\"https:\/\/ophiradistribution.com\/en\/\",\"logo\":{\"@type\":\"ImageObject\",\"inLanguage\":\"en-US\",\"@id\":\"https:\/\/ophiradistribution.com\/en\/#\/schema\/logo\/image\/\",\"url\":\"https:\/\/ophiradistribution.com\/wp-content\/uploads\/2026\/01\/ophira_logo_big.png\",\"contentUrl\":\"https:\/\/ophiradistribution.com\/wp-content\/uploads\/2026\/01\/ophira_logo_big.png\",\"width\":500,\"height\":433,\"caption\":\"OPHIRA UNIVERSE SL\"},\"image\":{\"@id\":\"https:\/\/ophiradistribution.com\/en\/#\/schema\/logo\/image\/\"}}]}<\/script>\n<!-- \/ Yoast SEO plugin. -->","yoast_head_json":{"title":"Boj Reserva 120 - OPHIRA UNIVERSE SL","robots":{"index":"index","follow":"follow","max-snippet":"max-snippet:-1","max-image-preview":"max-image-preview:large","max-video-preview":"max-video-preview:-1"},"canonical":"https:\/\/ophiradistribution.com\/en\/product\/boj-reserva-120\/","og_locale":"en_US","og_type":"article","og_title":"Boj Reserva 120 - OPHIRA UNIVERSE SL","og_description":"Boj Reserva\u00a0120 Este l\u00edquido es Boj que ha permanecido 4 semanas en una barrica de roble franc\u00e9s. SABOR PREMIADO EN LA VAPEXPO DE BARCELONA 2017 COMO EL MEJOR L\u00cdQUIDO DE TABACO Nuestro conocido l\u00edquido Boj, ganador del premio al mejor sabor de tabaco en VapExpo 2017, guardado en barrica de roble franc\u00e9s durante 4 semanas. [&hellip;]","og_url":"https:\/\/ophiradistribution.com\/en\/product\/boj-reserva-120\/","og_site_name":"OPHIRA UNIVERSE SL","article_modified_time":"2026-03-08T16:47:51+00:00","og_image":[{"width":600,"height":600,"url":"https:\/\/ophiradistribution.com\/wp-content\/uploads\/2026\/03\/herrera-boj-reserva-longfill-10ml-120ml.webp","type":"image\/webp"}],"twitter_card":"summary_large_image","twitter_misc":{"Est. reading time":"1 minute"},"schema":{"@context":"https:\/\/schema.org","@graph":[{"@type":"WebPage","@id":"https:\/\/ophiradistribution.com\/en\/product\/boj-reserva-120\/","url":"https:\/\/ophiradistribution.com\/en\/product\/boj-reserva-120\/","name":"Boj Reserva 120 - OPHIRA UNIVERSE SL","isPartOf":{"@id":"https:\/\/ophiradistribution.com\/en\/#website"},"primaryImageOfPage":{"@id":"https:\/\/ophiradistribution.com\/en\/product\/boj-reserva-120\/#primaryimage"},"image":{"@id":"https:\/\/ophiradistribution.com\/en\/product\/boj-reserva-120\/#primaryimage"},"thumbnailUrl":"https:\/\/ophiradistribution.com\/wp-content\/uploads\/2026\/03\/herrera-boj-reserva-longfill-10ml-120ml.webp","datePublished":"2026-03-08T16:47:50+00:00","dateModified":"2026-03-08T16:47:51+00:00","breadcrumb":{"@id":"https:\/\/ophiradistribution.com\/en\/product\/boj-reserva-120\/#breadcrumb"},"inLanguage":"en-US","potentialAction":[{"@type":"ReadAction","target":["https:\/\/ophiradistribution.com\/en\/product\/boj-reserva-120\/"]}]},{"@type":"ImageObject","inLanguage":"en-US","@id":"https:\/\/ophiradistribution.com\/en\/product\/boj-reserva-120\/#primaryimage","url":"https:\/\/ophiradistribution.com\/wp-content\/uploads\/2026\/03\/herrera-boj-reserva-longfill-10ml-120ml.webp","contentUrl":"https:\/\/ophiradistribution.com\/wp-content\/uploads\/2026\/03\/herrera-boj-reserva-longfill-10ml-120ml.webp","width":600,"height":600},{"@type":"BreadcrumbList","@id":"https:\/\/ophiradistribution.com\/en\/product\/boj-reserva-120\/#breadcrumb","itemListElement":[{"@type":"ListItem","position":1,"name":"Portada","item":"https:\/\/ophiradistribution.com\/en\/"},{"@type":"ListItem","position":2,"name":"Shop","item":"https:\/\/ophiradistribution.com\/en\/shop\/"},{"@type":"ListItem","position":3,"name":"Boj Reserva 120"}]},{"@type":"WebSite","@id":"https:\/\/ophiradistribution.com\/en\/#website","url":"https:\/\/ophiradistribution.com\/en\/","name":"OPHIRA DISTRIBUTION","description":"Distribuidores de productos de vapeo y CBD en la UE","publisher":{"@id":"https:\/\/ophiradistribution.com\/en\/#organization"},"potentialAction":[{"@type":"SearchAction","target":{"@type":"EntryPoint","urlTemplate":"https:\/\/ophiradistribution.com\/en\/?s={search_term_string}"},"query-input":{"@type":"PropertyValueSpecification","valueRequired":true,"valueName":"search_term_string"}}],"inLanguage":"en-US"},{"@type":"Organization","@id":"https:\/\/ophiradistribution.com\/en\/#organization","name":"OPHIRA UNIVERSE SL","url":"https:\/\/ophiradistribution.com\/en\/","logo":{"@type":"ImageObject","inLanguage":"en-US","@id":"https:\/\/ophiradistribution.com\/en\/#\/schema\/logo\/image\/","url":"https:\/\/ophiradistribution.com\/wp-content\/uploads\/2026\/01\/ophira_logo_big.png","contentUrl":"https:\/\/ophiradistribution.com\/wp-content\/uploads\/2026\/01\/ophira_logo_big.png","width":500,"height":433,"caption":"OPHIRA UNIVERSE SL"},"image":{"@id":"https:\/\/ophiradistribution.com\/en\/#\/schema\/logo\/image\/"}}]}},"_links":{"self":[{"href":"https:\/\/ophiradistribution.com\/en\/wp-json\/wp\/v2\/product\/8506","targetHints":{"allow":["GET"]}}],"collection":[{"href":"https:\/\/ophiradistribution.com\/en\/wp-json\/wp\/v2\/product"}],"about":[{"href":"https:\/\/ophiradistribution.com\/en\/wp-json\/wp\/v2\/types\/product"}],"wp:featuredmedia":[{"embeddable":true,"href":"https:\/\/ophiradistribution.com\/en\/wp-json\/wp\/v2\/media\/8507"}],"wp:attachment":[{"href":"https:\/\/ophiradistribution.com\/en\/wp-json\/wp\/v2\/media?parent=8506"}],"wp:term":[{"taxonomy":"product_brand","embeddable":true,"href":"https:\/\/ophiradistribution.com\/en\/wp-json\/wp\/v2\/product_brand?post=8506"},{"taxonomy":"product_cat","embeddable":true,"href":"https:\/\/ophiradistribution.com\/en\/wp-json\/wp\/v2\/product_cat?post=8506"},{"taxonomy":"product_tag","embeddable":true,"href":"https:\/\/ophiradistribution.com\/en\/wp-json\/wp\/v2\/product_tag?post=8506"}],"curies":[{"name":"wp","href":"https:\/\/api.w.org\/{rel}","templated":true}]}}