{"id":8555,"date":"2026-03-09T13:08:50","date_gmt":"2026-03-09T12:08:50","guid":{"rendered":"https:\/\/ophiradistribution.com\/?post_type=product&#038;p=8555"},"modified":"2026-03-09T13:08:51","modified_gmt":"2026-03-09T12:08:51","slug":"rivas-30","status":"publish","type":"product","link":"https:\/\/ophiradistribution.com\/en\/product\/rivas-30\/","title":{"rendered":"Rivas 30"},"content":{"rendered":"<p><b><strong>Rivas\u00a030<\/strong><\/b><\/p>\n<p>Concentrado con base de PG de extracto natural de tabaco\u00a0derivado del tabaco Perique con notas de sabor a\u00f1adidas de caramelo y vainilla.<\/p>\n<p>El Perique obtiene su sabor del proceso de fermentaci\u00f3n en barrica que se utiliza para darle al tabaco su rico sabor. El proceso original de elaboraci\u00f3n del tabaco Perique fue desarrollado por las tribus nativas americanas Choctaw y Chickasaws.<\/p>\n<p>Este producto consta de una\u00a0<b><strong>botella de 30 ml<\/strong><\/b>\u00a0con\u00a0<b><strong>10 ml de aroma concentrado Rivas en base 100% PG<\/strong><\/b>,\u00a0<b><strong>sin nicotina<\/strong><\/b>.<\/p>\n<p style=\"font-weight: inherit !important; font-style: inherit !important;\">Para obtener\u00a0<b><strong>30 ml de l\u00edquido listo para vapear<\/strong><\/b>, simplemente a\u00f1ade:<\/p>\n<ul>\n<li>1 \u00d7 10 ml de\u00a0<b><strong>VG<\/strong><\/b><\/li>\n<li>1 \u00d7 10 ml de\u00a0<b><strong>base 50% PG \/ 50% VG<\/strong><\/b><\/li>\n<\/ul>\n<p style=\"font-weight: inherit !important; font-style: inherit !important;\"><em>(Estas botellas\u00a0<b><strong>no est\u00e1n incluidas<\/strong><\/b>)<\/em><\/p>\n<p style=\"font-weight: inherit !important; font-style: inherit !important;\">\n<p style=\"font-weight: inherit !important; font-style: inherit !important;\">Las botellas que se deben a\u00f1adir pueden ser\u00a0<b><strong>sin nicotina<\/strong><\/b>, con\u00a0<b><strong>nicotina<\/strong><\/b>\u00a0o con\u00a0<b><strong>sales de nicotina<\/strong><\/b>, seg\u00fan tu preferencia.<\/p>\n","protected":false},"excerpt":{"rendered":"<p>Rivas\u00a030 Concentrado con base de PG de extracto natural de tabaco\u00a0derivado del tabaco Perique con notas de sabor a\u00f1adidas de caramelo y vainilla. El Perique obtiene su sabor del proceso de fermentaci\u00f3n en barrica que se utiliza para darle al tabaco su rico sabor. El proceso original de elaboraci\u00f3n del tabaco Perique fue desarrollado por [&hellip;]<\/p>\n","protected":false},"featured_media":8556,"template":"","meta":[],"product_brand":[],"product_cat":[62,287,301,58],"product_tag":[],"class_list":{"0":"post-8555","1":"product","2":"type-product","3":"status-publish","4":"has-post-thumbnail","6":"product_cat-aromas","7":"product_cat-herrera","8":"product_cat-rivas","9":"product_cat-vapeo","11":"first","12":"instock","13":"taxable","14":"shipping-taxable","15":"product-type-simple"},"yoast_head":"<!-- This site is optimized with the Yoast SEO plugin v27.1.1 - https:\/\/yoast.com\/product\/yoast-seo-wordpress\/ -->\n<title>Rivas 30 - OPHIRA UNIVERSE SL<\/title>\n<meta name=\"robots\" content=\"index, follow, max-snippet:-1, max-image-preview:large, max-video-preview:-1\" \/>\n<link rel=\"canonical\" href=\"https:\/\/ophiradistribution.com\/en\/product\/rivas-30\/\" \/>\n<meta property=\"og:locale\" content=\"en_US\" \/>\n<meta property=\"og:type\" content=\"article\" \/>\n<meta property=\"og:title\" content=\"Rivas 30 - OPHIRA UNIVERSE SL\" \/>\n<meta property=\"og:description\" content=\"Rivas\u00a030 Concentrado con base de PG de extracto natural de tabaco\u00a0derivado del tabaco Perique con notas de sabor a\u00f1adidas de caramelo y vainilla. El Perique obtiene su sabor del proceso de fermentaci\u00f3n en barrica que se utiliza para darle al tabaco su rico sabor. El proceso original de elaboraci\u00f3n del tabaco Perique fue desarrollado por [&hellip;]\" \/>\n<meta property=\"og:url\" content=\"https:\/\/ophiradistribution.com\/en\/product\/rivas-30\/\" \/>\n<meta property=\"og:site_name\" content=\"OPHIRA UNIVERSE SL\" \/>\n<meta property=\"article:modified_time\" content=\"2026-03-09T12:08:51+00:00\" \/>\n<meta property=\"og:image\" content=\"https:\/\/ophiradistribution.com\/wp-content\/uploads\/2026\/03\/xrivas-30.jpg.pagespeed.ic_.WiEA49Td-I.jpg\" \/>\n\t<meta property=\"og:image:width\" content=\"452\" \/>\n\t<meta property=\"og:image:height\" content=\"452\" \/>\n\t<meta property=\"og:image:type\" content=\"image\/jpeg\" \/>\n<meta name=\"twitter:card\" content=\"summary_large_image\" \/>\n<meta name=\"twitter:label1\" content=\"Est. reading time\" \/>\n\t<meta name=\"twitter:data1\" content=\"1 minute\" \/>\n<script type=\"application\/ld+json\" class=\"yoast-schema-graph\">{\"@context\":\"https:\/\/schema.org\",\"@graph\":[{\"@type\":\"WebPage\",\"@id\":\"https:\/\/ophiradistribution.com\/en\/product\/rivas-30\/\",\"url\":\"https:\/\/ophiradistribution.com\/en\/product\/rivas-30\/\",\"name\":\"Rivas 30 - OPHIRA UNIVERSE SL\",\"isPartOf\":{\"@id\":\"https:\/\/ophiradistribution.com\/en\/#website\"},\"primaryImageOfPage\":{\"@id\":\"https:\/\/ophiradistribution.com\/en\/product\/rivas-30\/#primaryimage\"},\"image\":{\"@id\":\"https:\/\/ophiradistribution.com\/en\/product\/rivas-30\/#primaryimage\"},\"thumbnailUrl\":\"https:\/\/ophiradistribution.com\/wp-content\/uploads\/2026\/03\/xrivas-30.jpg.pagespeed.ic_.WiEA49Td-I.jpg\",\"datePublished\":\"2026-03-09T12:08:50+00:00\",\"dateModified\":\"2026-03-09T12:08:51+00:00\",\"breadcrumb\":{\"@id\":\"https:\/\/ophiradistribution.com\/en\/product\/rivas-30\/#breadcrumb\"},\"inLanguage\":\"en-US\",\"potentialAction\":[{\"@type\":\"ReadAction\",\"target\":[\"https:\/\/ophiradistribution.com\/en\/product\/rivas-30\/\"]}]},{\"@type\":\"ImageObject\",\"inLanguage\":\"en-US\",\"@id\":\"https:\/\/ophiradistribution.com\/en\/product\/rivas-30\/#primaryimage\",\"url\":\"https:\/\/ophiradistribution.com\/wp-content\/uploads\/2026\/03\/xrivas-30.jpg.pagespeed.ic_.WiEA49Td-I.jpg\",\"contentUrl\":\"https:\/\/ophiradistribution.com\/wp-content\/uploads\/2026\/03\/xrivas-30.jpg.pagespeed.ic_.WiEA49Td-I.jpg\",\"width\":452,\"height\":452},{\"@type\":\"BreadcrumbList\",\"@id\":\"https:\/\/ophiradistribution.com\/en\/product\/rivas-30\/#breadcrumb\",\"itemListElement\":[{\"@type\":\"ListItem\",\"position\":1,\"name\":\"Portada\",\"item\":\"https:\/\/ophiradistribution.com\/en\/\"},{\"@type\":\"ListItem\",\"position\":2,\"name\":\"Shop\",\"item\":\"https:\/\/ophiradistribution.com\/en\/shop\/\"},{\"@type\":\"ListItem\",\"position\":3,\"name\":\"Rivas 30\"}]},{\"@type\":\"WebSite\",\"@id\":\"https:\/\/ophiradistribution.com\/en\/#website\",\"url\":\"https:\/\/ophiradistribution.com\/en\/\",\"name\":\"OPHIRA DISTRIBUTION\",\"description\":\"Distribuidores de productos de vapeo y CBD en la UE\",\"publisher\":{\"@id\":\"https:\/\/ophiradistribution.com\/en\/#organization\"},\"potentialAction\":[{\"@type\":\"SearchAction\",\"target\":{\"@type\":\"EntryPoint\",\"urlTemplate\":\"https:\/\/ophiradistribution.com\/en\/?s={search_term_string}\"},\"query-input\":{\"@type\":\"PropertyValueSpecification\",\"valueRequired\":true,\"valueName\":\"search_term_string\"}}],\"inLanguage\":\"en-US\"},{\"@type\":\"Organization\",\"@id\":\"https:\/\/ophiradistribution.com\/en\/#organization\",\"name\":\"OPHIRA UNIVERSE SL\",\"url\":\"https:\/\/ophiradistribution.com\/en\/\",\"logo\":{\"@type\":\"ImageObject\",\"inLanguage\":\"en-US\",\"@id\":\"https:\/\/ophiradistribution.com\/en\/#\/schema\/logo\/image\/\",\"url\":\"https:\/\/ophiradistribution.com\/wp-content\/uploads\/2026\/01\/ophira_logo_big.png\",\"contentUrl\":\"https:\/\/ophiradistribution.com\/wp-content\/uploads\/2026\/01\/ophira_logo_big.png\",\"width\":500,\"height\":433,\"caption\":\"OPHIRA UNIVERSE SL\"},\"image\":{\"@id\":\"https:\/\/ophiradistribution.com\/en\/#\/schema\/logo\/image\/\"}}]}<\/script>\n<!-- \/ Yoast SEO plugin. -->","yoast_head_json":{"title":"Rivas 30 - OPHIRA UNIVERSE SL","robots":{"index":"index","follow":"follow","max-snippet":"max-snippet:-1","max-image-preview":"max-image-preview:large","max-video-preview":"max-video-preview:-1"},"canonical":"https:\/\/ophiradistribution.com\/en\/product\/rivas-30\/","og_locale":"en_US","og_type":"article","og_title":"Rivas 30 - OPHIRA UNIVERSE SL","og_description":"Rivas\u00a030 Concentrado con base de PG de extracto natural de tabaco\u00a0derivado del tabaco Perique con notas de sabor a\u00f1adidas de caramelo y vainilla. El Perique obtiene su sabor del proceso de fermentaci\u00f3n en barrica que se utiliza para darle al tabaco su rico sabor. El proceso original de elaboraci\u00f3n del tabaco Perique fue desarrollado por [&hellip;]","og_url":"https:\/\/ophiradistribution.com\/en\/product\/rivas-30\/","og_site_name":"OPHIRA UNIVERSE SL","article_modified_time":"2026-03-09T12:08:51+00:00","og_image":[{"width":452,"height":452,"url":"https:\/\/ophiradistribution.com\/wp-content\/uploads\/2026\/03\/xrivas-30.jpg.pagespeed.ic_.WiEA49Td-I.jpg","type":"image\/jpeg"}],"twitter_card":"summary_large_image","twitter_misc":{"Est. reading time":"1 minute"},"schema":{"@context":"https:\/\/schema.org","@graph":[{"@type":"WebPage","@id":"https:\/\/ophiradistribution.com\/en\/product\/rivas-30\/","url":"https:\/\/ophiradistribution.com\/en\/product\/rivas-30\/","name":"Rivas 30 - OPHIRA UNIVERSE SL","isPartOf":{"@id":"https:\/\/ophiradistribution.com\/en\/#website"},"primaryImageOfPage":{"@id":"https:\/\/ophiradistribution.com\/en\/product\/rivas-30\/#primaryimage"},"image":{"@id":"https:\/\/ophiradistribution.com\/en\/product\/rivas-30\/#primaryimage"},"thumbnailUrl":"https:\/\/ophiradistribution.com\/wp-content\/uploads\/2026\/03\/xrivas-30.jpg.pagespeed.ic_.WiEA49Td-I.jpg","datePublished":"2026-03-09T12:08:50+00:00","dateModified":"2026-03-09T12:08:51+00:00","breadcrumb":{"@id":"https:\/\/ophiradistribution.com\/en\/product\/rivas-30\/#breadcrumb"},"inLanguage":"en-US","potentialAction":[{"@type":"ReadAction","target":["https:\/\/ophiradistribution.com\/en\/product\/rivas-30\/"]}]},{"@type":"ImageObject","inLanguage":"en-US","@id":"https:\/\/ophiradistribution.com\/en\/product\/rivas-30\/#primaryimage","url":"https:\/\/ophiradistribution.com\/wp-content\/uploads\/2026\/03\/xrivas-30.jpg.pagespeed.ic_.WiEA49Td-I.jpg","contentUrl":"https:\/\/ophiradistribution.com\/wp-content\/uploads\/2026\/03\/xrivas-30.jpg.pagespeed.ic_.WiEA49Td-I.jpg","width":452,"height":452},{"@type":"BreadcrumbList","@id":"https:\/\/ophiradistribution.com\/en\/product\/rivas-30\/#breadcrumb","itemListElement":[{"@type":"ListItem","position":1,"name":"Portada","item":"https:\/\/ophiradistribution.com\/en\/"},{"@type":"ListItem","position":2,"name":"Shop","item":"https:\/\/ophiradistribution.com\/en\/shop\/"},{"@type":"ListItem","position":3,"name":"Rivas 30"}]},{"@type":"WebSite","@id":"https:\/\/ophiradistribution.com\/en\/#website","url":"https:\/\/ophiradistribution.com\/en\/","name":"OPHIRA DISTRIBUTION","description":"Distribuidores de productos de vapeo y CBD en la UE","publisher":{"@id":"https:\/\/ophiradistribution.com\/en\/#organization"},"potentialAction":[{"@type":"SearchAction","target":{"@type":"EntryPoint","urlTemplate":"https:\/\/ophiradistribution.com\/en\/?s={search_term_string}"},"query-input":{"@type":"PropertyValueSpecification","valueRequired":true,"valueName":"search_term_string"}}],"inLanguage":"en-US"},{"@type":"Organization","@id":"https:\/\/ophiradistribution.com\/en\/#organization","name":"OPHIRA UNIVERSE SL","url":"https:\/\/ophiradistribution.com\/en\/","logo":{"@type":"ImageObject","inLanguage":"en-US","@id":"https:\/\/ophiradistribution.com\/en\/#\/schema\/logo\/image\/","url":"https:\/\/ophiradistribution.com\/wp-content\/uploads\/2026\/01\/ophira_logo_big.png","contentUrl":"https:\/\/ophiradistribution.com\/wp-content\/uploads\/2026\/01\/ophira_logo_big.png","width":500,"height":433,"caption":"OPHIRA UNIVERSE SL"},"image":{"@id":"https:\/\/ophiradistribution.com\/en\/#\/schema\/logo\/image\/"}}]}},"_links":{"self":[{"href":"https:\/\/ophiradistribution.com\/en\/wp-json\/wp\/v2\/product\/8555","targetHints":{"allow":["GET"]}}],"collection":[{"href":"https:\/\/ophiradistribution.com\/en\/wp-json\/wp\/v2\/product"}],"about":[{"href":"https:\/\/ophiradistribution.com\/en\/wp-json\/wp\/v2\/types\/product"}],"wp:featuredmedia":[{"embeddable":true,"href":"https:\/\/ophiradistribution.com\/en\/wp-json\/wp\/v2\/media\/8556"}],"wp:attachment":[{"href":"https:\/\/ophiradistribution.com\/en\/wp-json\/wp\/v2\/media?parent=8555"}],"wp:term":[{"taxonomy":"product_brand","embeddable":true,"href":"https:\/\/ophiradistribution.com\/en\/wp-json\/wp\/v2\/product_brand?post=8555"},{"taxonomy":"product_cat","embeddable":true,"href":"https:\/\/ophiradistribution.com\/en\/wp-json\/wp\/v2\/product_cat?post=8555"},{"taxonomy":"product_tag","embeddable":true,"href":"https:\/\/ophiradistribution.com\/en\/wp-json\/wp\/v2\/product_tag?post=8555"}],"curies":[{"name":"wp","href":"https:\/\/api.w.org\/{rel}","templated":true}]}}