{"id":8558,"date":"2026-03-09T13:11:07","date_gmt":"2026-03-09T12:11:07","guid":{"rendered":"https:\/\/ophiradistribution.com\/?post_type=product&#038;p=8558"},"modified":"2026-03-09T13:11:07","modified_gmt":"2026-03-09T12:11:07","slug":"rivas-60","status":"publish","type":"product","link":"https:\/\/ophiradistribution.com\/en\/product\/rivas-60\/","title":{"rendered":"Rivas 60"},"content":{"rendered":"<p><b><strong>Rivas 60 PG\u00a0<\/strong><\/b><\/p>\n<p>Concentrado con base de PG de extracto natural de tabaco\u00a0derivado del tabaco Perique con notas de sabor a\u00f1adidas de caramelo y vainilla.<\/p>\n<p>El Perique obtiene su sabor del proceso de fermentaci\u00f3n en barrica que se utiliza para darle al tabaco su rico sabor. El proceso original de elaboraci\u00f3n del tabaco Perique fue desarrollado por las tribus nativas americanas Choctaw y Chickasaws.<\/p>\n<p style=\"font-weight: inherit !important; font-style: inherit !important;\">Consta de una botella de 60 ml de capacidad que contiene 30\u00a0ml. de\u00a0<b><strong>aroma concentrado de Rivas S\u00d3LO CON PG<\/strong><\/b>\u00a0sin nicotina.<\/p>\n<p style=\"font-weight: inherit !important; font-style: inherit !important;\">Se le deben a\u00f1adir 30 ml de VG (no incluidos)\u00a0para obtener\u00a060 ml de\u00a0l\u00edquido listo para vapear.<\/p>\n<p style=\"font-weight: inherit !important; font-style: inherit !important;\">Los 30 ml de VG pueden ser sin nicotina, con nicotina o con sales de nicotina.<\/p>\n","protected":false},"excerpt":{"rendered":"<p>Rivas 60 PG\u00a0 Concentrado con base de PG de extracto natural de tabaco\u00a0derivado del tabaco Perique con notas de sabor a\u00f1adidas de caramelo y vainilla. El Perique obtiene su sabor del proceso de fermentaci\u00f3n en barrica que se utiliza para darle al tabaco su rico sabor. El proceso original de elaboraci\u00f3n del tabaco Perique fue [&hellip;]<\/p>\n","protected":false},"featured_media":8559,"template":"","meta":[],"product_brand":[77],"product_cat":[62,287,301,58],"product_tag":[],"class_list":{"0":"post-8558","1":"product","2":"type-product","3":"status-publish","4":"has-post-thumbnail","6":"product_brand-herrera","7":"product_cat-aromas","8":"product_cat-herrera","9":"product_cat-rivas","10":"product_cat-vapeo","12":"first","13":"instock","14":"taxable","15":"shipping-taxable","16":"product-type-simple"},"yoast_head":"<!-- This site is optimized with the Yoast SEO plugin v27.1.1 - https:\/\/yoast.com\/product\/yoast-seo-wordpress\/ -->\n<title>Rivas 60 - OPHIRA UNIVERSE SL<\/title>\n<meta name=\"robots\" content=\"index, follow, max-snippet:-1, max-image-preview:large, max-video-preview:-1\" \/>\n<link rel=\"canonical\" href=\"https:\/\/ophiradistribution.com\/en\/product\/rivas-60\/\" \/>\n<meta property=\"og:locale\" content=\"en_US\" \/>\n<meta property=\"og:type\" content=\"article\" \/>\n<meta property=\"og:title\" content=\"Rivas 60 - OPHIRA UNIVERSE SL\" \/>\n<meta property=\"og:description\" content=\"Rivas 60 PG\u00a0 Concentrado con base de PG de extracto natural de tabaco\u00a0derivado del tabaco Perique con notas de sabor a\u00f1adidas de caramelo y vainilla. El Perique obtiene su sabor del proceso de fermentaci\u00f3n en barrica que se utiliza para darle al tabaco su rico sabor. El proceso original de elaboraci\u00f3n del tabaco Perique fue [&hellip;]\" \/>\n<meta property=\"og:url\" content=\"https:\/\/ophiradistribution.com\/en\/product\/rivas-60\/\" \/>\n<meta property=\"og:site_name\" content=\"OPHIRA UNIVERSE SL\" \/>\n<meta property=\"og:image\" content=\"https:\/\/ophiradistribution.com\/wp-content\/uploads\/2026\/03\/xrivas-60.jpg.pagespeed.ic_.ki6EzYVakI.jpg\" \/>\n\t<meta property=\"og:image:width\" content=\"452\" \/>\n\t<meta property=\"og:image:height\" content=\"452\" \/>\n\t<meta property=\"og:image:type\" content=\"image\/jpeg\" \/>\n<meta name=\"twitter:card\" content=\"summary_large_image\" \/>\n<meta name=\"twitter:label1\" content=\"Est. reading time\" \/>\n\t<meta name=\"twitter:data1\" content=\"1 minute\" \/>\n<script type=\"application\/ld+json\" class=\"yoast-schema-graph\">{\"@context\":\"https:\/\/schema.org\",\"@graph\":[{\"@type\":\"WebPage\",\"@id\":\"https:\/\/ophiradistribution.com\/en\/product\/rivas-60\/\",\"url\":\"https:\/\/ophiradistribution.com\/en\/product\/rivas-60\/\",\"name\":\"Rivas 60 - OPHIRA UNIVERSE SL\",\"isPartOf\":{\"@id\":\"https:\/\/ophiradistribution.com\/en\/#website\"},\"primaryImageOfPage\":{\"@id\":\"https:\/\/ophiradistribution.com\/en\/product\/rivas-60\/#primaryimage\"},\"image\":{\"@id\":\"https:\/\/ophiradistribution.com\/en\/product\/rivas-60\/#primaryimage\"},\"thumbnailUrl\":\"https:\/\/ophiradistribution.com\/wp-content\/uploads\/2026\/03\/xrivas-60.jpg.pagespeed.ic_.ki6EzYVakI.jpg\",\"datePublished\":\"2026-03-09T12:11:07+00:00\",\"breadcrumb\":{\"@id\":\"https:\/\/ophiradistribution.com\/en\/product\/rivas-60\/#breadcrumb\"},\"inLanguage\":\"en-US\",\"potentialAction\":[{\"@type\":\"ReadAction\",\"target\":[\"https:\/\/ophiradistribution.com\/en\/product\/rivas-60\/\"]}]},{\"@type\":\"ImageObject\",\"inLanguage\":\"en-US\",\"@id\":\"https:\/\/ophiradistribution.com\/en\/product\/rivas-60\/#primaryimage\",\"url\":\"https:\/\/ophiradistribution.com\/wp-content\/uploads\/2026\/03\/xrivas-60.jpg.pagespeed.ic_.ki6EzYVakI.jpg\",\"contentUrl\":\"https:\/\/ophiradistribution.com\/wp-content\/uploads\/2026\/03\/xrivas-60.jpg.pagespeed.ic_.ki6EzYVakI.jpg\",\"width\":452,\"height\":452},{\"@type\":\"BreadcrumbList\",\"@id\":\"https:\/\/ophiradistribution.com\/en\/product\/rivas-60\/#breadcrumb\",\"itemListElement\":[{\"@type\":\"ListItem\",\"position\":1,\"name\":\"Portada\",\"item\":\"https:\/\/ophiradistribution.com\/en\/\"},{\"@type\":\"ListItem\",\"position\":2,\"name\":\"Shop\",\"item\":\"https:\/\/ophiradistribution.com\/en\/shop\/\"},{\"@type\":\"ListItem\",\"position\":3,\"name\":\"Rivas 60\"}]},{\"@type\":\"WebSite\",\"@id\":\"https:\/\/ophiradistribution.com\/en\/#website\",\"url\":\"https:\/\/ophiradistribution.com\/en\/\",\"name\":\"OPHIRA DISTRIBUTION\",\"description\":\"Distribuidores de productos de vapeo y CBD en la UE\",\"publisher\":{\"@id\":\"https:\/\/ophiradistribution.com\/en\/#organization\"},\"potentialAction\":[{\"@type\":\"SearchAction\",\"target\":{\"@type\":\"EntryPoint\",\"urlTemplate\":\"https:\/\/ophiradistribution.com\/en\/?s={search_term_string}\"},\"query-input\":{\"@type\":\"PropertyValueSpecification\",\"valueRequired\":true,\"valueName\":\"search_term_string\"}}],\"inLanguage\":\"en-US\"},{\"@type\":\"Organization\",\"@id\":\"https:\/\/ophiradistribution.com\/en\/#organization\",\"name\":\"OPHIRA UNIVERSE SL\",\"url\":\"https:\/\/ophiradistribution.com\/en\/\",\"logo\":{\"@type\":\"ImageObject\",\"inLanguage\":\"en-US\",\"@id\":\"https:\/\/ophiradistribution.com\/en\/#\/schema\/logo\/image\/\",\"url\":\"https:\/\/ophiradistribution.com\/wp-content\/uploads\/2026\/01\/ophira_logo_big.png\",\"contentUrl\":\"https:\/\/ophiradistribution.com\/wp-content\/uploads\/2026\/01\/ophira_logo_big.png\",\"width\":500,\"height\":433,\"caption\":\"OPHIRA UNIVERSE SL\"},\"image\":{\"@id\":\"https:\/\/ophiradistribution.com\/en\/#\/schema\/logo\/image\/\"}}]}<\/script>\n<!-- \/ Yoast SEO plugin. -->","yoast_head_json":{"title":"Rivas 60 - OPHIRA UNIVERSE SL","robots":{"index":"index","follow":"follow","max-snippet":"max-snippet:-1","max-image-preview":"max-image-preview:large","max-video-preview":"max-video-preview:-1"},"canonical":"https:\/\/ophiradistribution.com\/en\/product\/rivas-60\/","og_locale":"en_US","og_type":"article","og_title":"Rivas 60 - OPHIRA UNIVERSE SL","og_description":"Rivas 60 PG\u00a0 Concentrado con base de PG de extracto natural de tabaco\u00a0derivado del tabaco Perique con notas de sabor a\u00f1adidas de caramelo y vainilla. El Perique obtiene su sabor del proceso de fermentaci\u00f3n en barrica que se utiliza para darle al tabaco su rico sabor. El proceso original de elaboraci\u00f3n del tabaco Perique fue [&hellip;]","og_url":"https:\/\/ophiradistribution.com\/en\/product\/rivas-60\/","og_site_name":"OPHIRA UNIVERSE SL","og_image":[{"width":452,"height":452,"url":"https:\/\/ophiradistribution.com\/wp-content\/uploads\/2026\/03\/xrivas-60.jpg.pagespeed.ic_.ki6EzYVakI.jpg","type":"image\/jpeg"}],"twitter_card":"summary_large_image","twitter_misc":{"Est. reading time":"1 minute"},"schema":{"@context":"https:\/\/schema.org","@graph":[{"@type":"WebPage","@id":"https:\/\/ophiradistribution.com\/en\/product\/rivas-60\/","url":"https:\/\/ophiradistribution.com\/en\/product\/rivas-60\/","name":"Rivas 60 - OPHIRA UNIVERSE SL","isPartOf":{"@id":"https:\/\/ophiradistribution.com\/en\/#website"},"primaryImageOfPage":{"@id":"https:\/\/ophiradistribution.com\/en\/product\/rivas-60\/#primaryimage"},"image":{"@id":"https:\/\/ophiradistribution.com\/en\/product\/rivas-60\/#primaryimage"},"thumbnailUrl":"https:\/\/ophiradistribution.com\/wp-content\/uploads\/2026\/03\/xrivas-60.jpg.pagespeed.ic_.ki6EzYVakI.jpg","datePublished":"2026-03-09T12:11:07+00:00","breadcrumb":{"@id":"https:\/\/ophiradistribution.com\/en\/product\/rivas-60\/#breadcrumb"},"inLanguage":"en-US","potentialAction":[{"@type":"ReadAction","target":["https:\/\/ophiradistribution.com\/en\/product\/rivas-60\/"]}]},{"@type":"ImageObject","inLanguage":"en-US","@id":"https:\/\/ophiradistribution.com\/en\/product\/rivas-60\/#primaryimage","url":"https:\/\/ophiradistribution.com\/wp-content\/uploads\/2026\/03\/xrivas-60.jpg.pagespeed.ic_.ki6EzYVakI.jpg","contentUrl":"https:\/\/ophiradistribution.com\/wp-content\/uploads\/2026\/03\/xrivas-60.jpg.pagespeed.ic_.ki6EzYVakI.jpg","width":452,"height":452},{"@type":"BreadcrumbList","@id":"https:\/\/ophiradistribution.com\/en\/product\/rivas-60\/#breadcrumb","itemListElement":[{"@type":"ListItem","position":1,"name":"Portada","item":"https:\/\/ophiradistribution.com\/en\/"},{"@type":"ListItem","position":2,"name":"Shop","item":"https:\/\/ophiradistribution.com\/en\/shop\/"},{"@type":"ListItem","position":3,"name":"Rivas 60"}]},{"@type":"WebSite","@id":"https:\/\/ophiradistribution.com\/en\/#website","url":"https:\/\/ophiradistribution.com\/en\/","name":"OPHIRA DISTRIBUTION","description":"Distribuidores de productos de vapeo y CBD en la UE","publisher":{"@id":"https:\/\/ophiradistribution.com\/en\/#organization"},"potentialAction":[{"@type":"SearchAction","target":{"@type":"EntryPoint","urlTemplate":"https:\/\/ophiradistribution.com\/en\/?s={search_term_string}"},"query-input":{"@type":"PropertyValueSpecification","valueRequired":true,"valueName":"search_term_string"}}],"inLanguage":"en-US"},{"@type":"Organization","@id":"https:\/\/ophiradistribution.com\/en\/#organization","name":"OPHIRA UNIVERSE SL","url":"https:\/\/ophiradistribution.com\/en\/","logo":{"@type":"ImageObject","inLanguage":"en-US","@id":"https:\/\/ophiradistribution.com\/en\/#\/schema\/logo\/image\/","url":"https:\/\/ophiradistribution.com\/wp-content\/uploads\/2026\/01\/ophira_logo_big.png","contentUrl":"https:\/\/ophiradistribution.com\/wp-content\/uploads\/2026\/01\/ophira_logo_big.png","width":500,"height":433,"caption":"OPHIRA UNIVERSE SL"},"image":{"@id":"https:\/\/ophiradistribution.com\/en\/#\/schema\/logo\/image\/"}}]}},"_links":{"self":[{"href":"https:\/\/ophiradistribution.com\/en\/wp-json\/wp\/v2\/product\/8558","targetHints":{"allow":["GET"]}}],"collection":[{"href":"https:\/\/ophiradistribution.com\/en\/wp-json\/wp\/v2\/product"}],"about":[{"href":"https:\/\/ophiradistribution.com\/en\/wp-json\/wp\/v2\/types\/product"}],"wp:featuredmedia":[{"embeddable":true,"href":"https:\/\/ophiradistribution.com\/en\/wp-json\/wp\/v2\/media\/8559"}],"wp:attachment":[{"href":"https:\/\/ophiradistribution.com\/en\/wp-json\/wp\/v2\/media?parent=8558"}],"wp:term":[{"taxonomy":"product_brand","embeddable":true,"href":"https:\/\/ophiradistribution.com\/en\/wp-json\/wp\/v2\/product_brand?post=8558"},{"taxonomy":"product_cat","embeddable":true,"href":"https:\/\/ophiradistribution.com\/en\/wp-json\/wp\/v2\/product_cat?post=8558"},{"taxonomy":"product_tag","embeddable":true,"href":"https:\/\/ophiradistribution.com\/en\/wp-json\/wp\/v2\/product_tag?post=8558"}],"curies":[{"name":"wp","href":"https:\/\/api.w.org\/{rel}","templated":true}]}}