{"id":8592,"date":"2026-03-10T10:50:47","date_gmt":"2026-03-10T09:50:47","guid":{"rendered":"https:\/\/ophiradistribution.com\/?post_type=product&#038;p=8592"},"modified":"2026-03-10T10:50:48","modified_gmt":"2026-03-10T09:50:48","slug":"viura-reserva-60","status":"publish","type":"product","link":"https:\/\/ophiradistribution.com\/en\/product\/viura-reserva-60\/","title":{"rendered":"Viura Reserva 60"},"content":{"rendered":"<p><b><strong>Viura Reserva PG 60\u00a0<\/strong><\/b><\/p>\n<p>ELiquid de extracto natural de tabaco hecho de la variedad de tabaco cubano Corojo, mezclado con el tabaco Corojo cultivado en el valle de Jamastr\u00e1n en el sur de Honduras.<\/p>\n<p>Versi\u00f3n Reserva de nuestro conocido sabor Viura, tras reposar durante 4 semanas en barricas de roble franc\u00e9s.<\/p>\n<p style=\"font-weight: inherit !important; font-style: inherit !important;\">Consta de una botella de 60 ml de capacidad que contiene 30\u00a0ml. de\u00a0<b><strong>aroma concentrado de Viura Reserva S\u00d3LO CON PG<\/strong><\/b>\u00a0sin nicotina.<\/p>\n<p style=\"font-weight: inherit !important; font-style: inherit !important;\">Se le deben a\u00f1adir 30 ml de VG (no incluidos)\u00a0para obtener 60 ml de l\u00edquido listo para vapear.<\/p>\n<p style=\"font-weight: inherit !important; font-style: inherit !important;\">Los 30 ml de VG pueden ser sin nicotina, con nicotina o con sales de nicotina.<\/p>\n","protected":false},"excerpt":{"rendered":"<p>Viura Reserva PG 60\u00a0 ELiquid de extracto natural de tabaco hecho de la variedad de tabaco cubano Corojo, mezclado con el tabaco Corojo cultivado en el valle de Jamastr\u00e1n en el sur de Honduras. Versi\u00f3n Reserva de nuestro conocido sabor Viura, tras reposar durante 4 semanas en barricas de roble franc\u00e9s. Consta de una botella [&hellip;]<\/p>\n","protected":false},"featured_media":8593,"template":"","meta":[],"product_brand":[],"product_cat":[62,287,58,290],"product_tag":[],"class_list":{"0":"post-8592","1":"product","2":"type-product","3":"status-publish","4":"has-post-thumbnail","6":"product_cat-aromas","7":"product_cat-herrera","8":"product_cat-vapeo","9":"product_cat-viura","11":"first","12":"instock","13":"taxable","14":"shipping-taxable","15":"product-type-simple"},"yoast_head":"<!-- This site is optimized with the Yoast SEO plugin v27.1.1 - https:\/\/yoast.com\/product\/yoast-seo-wordpress\/ -->\n<title>Viura Reserva 60 - OPHIRA UNIVERSE SL<\/title>\n<meta name=\"robots\" content=\"index, follow, max-snippet:-1, max-image-preview:large, max-video-preview:-1\" \/>\n<link rel=\"canonical\" href=\"https:\/\/ophiradistribution.com\/en\/product\/viura-reserva-60\/\" \/>\n<meta property=\"og:locale\" content=\"en_US\" \/>\n<meta property=\"og:type\" content=\"article\" \/>\n<meta property=\"og:title\" content=\"Viura Reserva 60 - OPHIRA UNIVERSE SL\" \/>\n<meta property=\"og:description\" content=\"Viura Reserva PG 60\u00a0 ELiquid de extracto natural de tabaco hecho de la variedad de tabaco cubano Corojo, mezclado con el tabaco Corojo cultivado en el valle de Jamastr\u00e1n en el sur de Honduras. Versi\u00f3n Reserva de nuestro conocido sabor Viura, tras reposar durante 4 semanas en barricas de roble franc\u00e9s. Consta de una botella [&hellip;]\" \/>\n<meta property=\"og:url\" content=\"https:\/\/ophiradistribution.com\/en\/product\/viura-reserva-60\/\" \/>\n<meta property=\"og:site_name\" content=\"OPHIRA UNIVERSE SL\" \/>\n<meta property=\"article:modified_time\" content=\"2026-03-10T09:50:48+00:00\" \/>\n<meta property=\"og:image\" content=\"https:\/\/ophiradistribution.com\/wp-content\/uploads\/2026\/03\/xviura-reserva-60.jpg.pagespeed.ic_.P1DPxfDRSh.jpg\" \/>\n\t<meta property=\"og:image:width\" content=\"452\" \/>\n\t<meta property=\"og:image:height\" content=\"452\" \/>\n\t<meta property=\"og:image:type\" content=\"image\/jpeg\" \/>\n<meta name=\"twitter:card\" content=\"summary_large_image\" \/>\n<meta name=\"twitter:label1\" content=\"Est. reading time\" \/>\n\t<meta name=\"twitter:data1\" content=\"1 minute\" \/>\n<script type=\"application\/ld+json\" class=\"yoast-schema-graph\">{\"@context\":\"https:\/\/schema.org\",\"@graph\":[{\"@type\":\"WebPage\",\"@id\":\"https:\/\/ophiradistribution.com\/en\/product\/viura-reserva-60\/\",\"url\":\"https:\/\/ophiradistribution.com\/en\/product\/viura-reserva-60\/\",\"name\":\"Viura Reserva 60 - OPHIRA UNIVERSE SL\",\"isPartOf\":{\"@id\":\"https:\/\/ophiradistribution.com\/en\/#website\"},\"primaryImageOfPage\":{\"@id\":\"https:\/\/ophiradistribution.com\/en\/product\/viura-reserva-60\/#primaryimage\"},\"image\":{\"@id\":\"https:\/\/ophiradistribution.com\/en\/product\/viura-reserva-60\/#primaryimage\"},\"thumbnailUrl\":\"https:\/\/ophiradistribution.com\/wp-content\/uploads\/2026\/03\/xviura-reserva-60.jpg.pagespeed.ic_.P1DPxfDRSh.jpg\",\"datePublished\":\"2026-03-10T09:50:47+00:00\",\"dateModified\":\"2026-03-10T09:50:48+00:00\",\"breadcrumb\":{\"@id\":\"https:\/\/ophiradistribution.com\/en\/product\/viura-reserva-60\/#breadcrumb\"},\"inLanguage\":\"en-US\",\"potentialAction\":[{\"@type\":\"ReadAction\",\"target\":[\"https:\/\/ophiradistribution.com\/en\/product\/viura-reserva-60\/\"]}]},{\"@type\":\"ImageObject\",\"inLanguage\":\"en-US\",\"@id\":\"https:\/\/ophiradistribution.com\/en\/product\/viura-reserva-60\/#primaryimage\",\"url\":\"https:\/\/ophiradistribution.com\/wp-content\/uploads\/2026\/03\/xviura-reserva-60.jpg.pagespeed.ic_.P1DPxfDRSh.jpg\",\"contentUrl\":\"https:\/\/ophiradistribution.com\/wp-content\/uploads\/2026\/03\/xviura-reserva-60.jpg.pagespeed.ic_.P1DPxfDRSh.jpg\",\"width\":452,\"height\":452},{\"@type\":\"BreadcrumbList\",\"@id\":\"https:\/\/ophiradistribution.com\/en\/product\/viura-reserva-60\/#breadcrumb\",\"itemListElement\":[{\"@type\":\"ListItem\",\"position\":1,\"name\":\"Portada\",\"item\":\"https:\/\/ophiradistribution.com\/en\/\"},{\"@type\":\"ListItem\",\"position\":2,\"name\":\"Shop\",\"item\":\"https:\/\/ophiradistribution.com\/en\/shop\/\"},{\"@type\":\"ListItem\",\"position\":3,\"name\":\"Viura Reserva 60\"}]},{\"@type\":\"WebSite\",\"@id\":\"https:\/\/ophiradistribution.com\/en\/#website\",\"url\":\"https:\/\/ophiradistribution.com\/en\/\",\"name\":\"OPHIRA DISTRIBUTION\",\"description\":\"Distribuidores de productos de vapeo y CBD en la UE\",\"publisher\":{\"@id\":\"https:\/\/ophiradistribution.com\/en\/#organization\"},\"potentialAction\":[{\"@type\":\"SearchAction\",\"target\":{\"@type\":\"EntryPoint\",\"urlTemplate\":\"https:\/\/ophiradistribution.com\/en\/?s={search_term_string}\"},\"query-input\":{\"@type\":\"PropertyValueSpecification\",\"valueRequired\":true,\"valueName\":\"search_term_string\"}}],\"inLanguage\":\"en-US\"},{\"@type\":\"Organization\",\"@id\":\"https:\/\/ophiradistribution.com\/en\/#organization\",\"name\":\"OPHIRA UNIVERSE SL\",\"url\":\"https:\/\/ophiradistribution.com\/en\/\",\"logo\":{\"@type\":\"ImageObject\",\"inLanguage\":\"en-US\",\"@id\":\"https:\/\/ophiradistribution.com\/en\/#\/schema\/logo\/image\/\",\"url\":\"https:\/\/ophiradistribution.com\/wp-content\/uploads\/2026\/01\/ophira_logo_big.png\",\"contentUrl\":\"https:\/\/ophiradistribution.com\/wp-content\/uploads\/2026\/01\/ophira_logo_big.png\",\"width\":500,\"height\":433,\"caption\":\"OPHIRA UNIVERSE SL\"},\"image\":{\"@id\":\"https:\/\/ophiradistribution.com\/en\/#\/schema\/logo\/image\/\"}}]}<\/script>\n<!-- \/ Yoast SEO plugin. -->","yoast_head_json":{"title":"Viura Reserva 60 - OPHIRA UNIVERSE SL","robots":{"index":"index","follow":"follow","max-snippet":"max-snippet:-1","max-image-preview":"max-image-preview:large","max-video-preview":"max-video-preview:-1"},"canonical":"https:\/\/ophiradistribution.com\/en\/product\/viura-reserva-60\/","og_locale":"en_US","og_type":"article","og_title":"Viura Reserva 60 - OPHIRA UNIVERSE SL","og_description":"Viura Reserva PG 60\u00a0 ELiquid de extracto natural de tabaco hecho de la variedad de tabaco cubano Corojo, mezclado con el tabaco Corojo cultivado en el valle de Jamastr\u00e1n en el sur de Honduras. Versi\u00f3n Reserva de nuestro conocido sabor Viura, tras reposar durante 4 semanas en barricas de roble franc\u00e9s. Consta de una botella [&hellip;]","og_url":"https:\/\/ophiradistribution.com\/en\/product\/viura-reserva-60\/","og_site_name":"OPHIRA UNIVERSE SL","article_modified_time":"2026-03-10T09:50:48+00:00","og_image":[{"width":452,"height":452,"url":"https:\/\/ophiradistribution.com\/wp-content\/uploads\/2026\/03\/xviura-reserva-60.jpg.pagespeed.ic_.P1DPxfDRSh.jpg","type":"image\/jpeg"}],"twitter_card":"summary_large_image","twitter_misc":{"Est. reading time":"1 minute"},"schema":{"@context":"https:\/\/schema.org","@graph":[{"@type":"WebPage","@id":"https:\/\/ophiradistribution.com\/en\/product\/viura-reserva-60\/","url":"https:\/\/ophiradistribution.com\/en\/product\/viura-reserva-60\/","name":"Viura Reserva 60 - OPHIRA UNIVERSE SL","isPartOf":{"@id":"https:\/\/ophiradistribution.com\/en\/#website"},"primaryImageOfPage":{"@id":"https:\/\/ophiradistribution.com\/en\/product\/viura-reserva-60\/#primaryimage"},"image":{"@id":"https:\/\/ophiradistribution.com\/en\/product\/viura-reserva-60\/#primaryimage"},"thumbnailUrl":"https:\/\/ophiradistribution.com\/wp-content\/uploads\/2026\/03\/xviura-reserva-60.jpg.pagespeed.ic_.P1DPxfDRSh.jpg","datePublished":"2026-03-10T09:50:47+00:00","dateModified":"2026-03-10T09:50:48+00:00","breadcrumb":{"@id":"https:\/\/ophiradistribution.com\/en\/product\/viura-reserva-60\/#breadcrumb"},"inLanguage":"en-US","potentialAction":[{"@type":"ReadAction","target":["https:\/\/ophiradistribution.com\/en\/product\/viura-reserva-60\/"]}]},{"@type":"ImageObject","inLanguage":"en-US","@id":"https:\/\/ophiradistribution.com\/en\/product\/viura-reserva-60\/#primaryimage","url":"https:\/\/ophiradistribution.com\/wp-content\/uploads\/2026\/03\/xviura-reserva-60.jpg.pagespeed.ic_.P1DPxfDRSh.jpg","contentUrl":"https:\/\/ophiradistribution.com\/wp-content\/uploads\/2026\/03\/xviura-reserva-60.jpg.pagespeed.ic_.P1DPxfDRSh.jpg","width":452,"height":452},{"@type":"BreadcrumbList","@id":"https:\/\/ophiradistribution.com\/en\/product\/viura-reserva-60\/#breadcrumb","itemListElement":[{"@type":"ListItem","position":1,"name":"Portada","item":"https:\/\/ophiradistribution.com\/en\/"},{"@type":"ListItem","position":2,"name":"Shop","item":"https:\/\/ophiradistribution.com\/en\/shop\/"},{"@type":"ListItem","position":3,"name":"Viura Reserva 60"}]},{"@type":"WebSite","@id":"https:\/\/ophiradistribution.com\/en\/#website","url":"https:\/\/ophiradistribution.com\/en\/","name":"OPHIRA DISTRIBUTION","description":"Distribuidores de productos de vapeo y CBD en la UE","publisher":{"@id":"https:\/\/ophiradistribution.com\/en\/#organization"},"potentialAction":[{"@type":"SearchAction","target":{"@type":"EntryPoint","urlTemplate":"https:\/\/ophiradistribution.com\/en\/?s={search_term_string}"},"query-input":{"@type":"PropertyValueSpecification","valueRequired":true,"valueName":"search_term_string"}}],"inLanguage":"en-US"},{"@type":"Organization","@id":"https:\/\/ophiradistribution.com\/en\/#organization","name":"OPHIRA UNIVERSE SL","url":"https:\/\/ophiradistribution.com\/en\/","logo":{"@type":"ImageObject","inLanguage":"en-US","@id":"https:\/\/ophiradistribution.com\/en\/#\/schema\/logo\/image\/","url":"https:\/\/ophiradistribution.com\/wp-content\/uploads\/2026\/01\/ophira_logo_big.png","contentUrl":"https:\/\/ophiradistribution.com\/wp-content\/uploads\/2026\/01\/ophira_logo_big.png","width":500,"height":433,"caption":"OPHIRA UNIVERSE SL"},"image":{"@id":"https:\/\/ophiradistribution.com\/en\/#\/schema\/logo\/image\/"}}]}},"_links":{"self":[{"href":"https:\/\/ophiradistribution.com\/en\/wp-json\/wp\/v2\/product\/8592","targetHints":{"allow":["GET"]}}],"collection":[{"href":"https:\/\/ophiradistribution.com\/en\/wp-json\/wp\/v2\/product"}],"about":[{"href":"https:\/\/ophiradistribution.com\/en\/wp-json\/wp\/v2\/types\/product"}],"wp:featuredmedia":[{"embeddable":true,"href":"https:\/\/ophiradistribution.com\/en\/wp-json\/wp\/v2\/media\/8593"}],"wp:attachment":[{"href":"https:\/\/ophiradistribution.com\/en\/wp-json\/wp\/v2\/media?parent=8592"}],"wp:term":[{"taxonomy":"product_brand","embeddable":true,"href":"https:\/\/ophiradistribution.com\/en\/wp-json\/wp\/v2\/product_brand?post=8592"},{"taxonomy":"product_cat","embeddable":true,"href":"https:\/\/ophiradistribution.com\/en\/wp-json\/wp\/v2\/product_cat?post=8592"},{"taxonomy":"product_tag","embeddable":true,"href":"https:\/\/ophiradistribution.com\/en\/wp-json\/wp\/v2\/product_tag?post=8592"}],"curies":[{"name":"wp","href":"https:\/\/api.w.org\/{rel}","templated":true}]}}