{"id":8596,"date":"2026-03-10T10:54:19","date_gmt":"2026-03-10T09:54:19","guid":{"rendered":"https:\/\/ophiradistribution.com\/?post_type=product&#038;p=8596"},"modified":"2026-03-10T10:54:20","modified_gmt":"2026-03-10T09:54:20","slug":"viura-reserva-120","status":"publish","type":"product","link":"https:\/\/ophiradistribution.com\/en\/product\/viura-reserva-120\/","title":{"rendered":"Viura Reserva 120"},"content":{"rendered":"<p><b><strong>Viura Reserva 120<\/strong><\/b><\/p>\n<p>ELiquid de extracto natural de tabaco hecho de la variedad de tabaco cubano Corojo, mezclado con el tabaco Corojo cultivado en el valle de Jamastr\u00e1n en el sur de Honduras.<\/p>\n<p>Versi\u00f3n Reserva de nuestro conocido sabor Viura, tras reposar durante 4 semanas en barricas de roble franc\u00e9s.<\/p>\n<p style=\"font-weight: inherit !important; font-style: inherit !important;\">Este producto consta de una botella de 120 ml con 10 ml de aroma s\u00faper concentrado Viura Reserva en base 100% PG, sin nicotina.<\/p>\n<p style=\"font-weight: inherit !important; font-style: inherit !important;\">Se le deben a\u00f1adir 110 ml de PG y VG con o sin nicotina o sales de nicotina (no incluidos) para obtener 120 ml de l\u00edquido listo para vapear.<\/p>\n<p style=\"font-weight: inherit !important; font-style: inherit !important;\">Si se desea con un porcentaje 50% PG &#8211; 50% VG se debe a\u00f1adir 60 ml de VG y 50 ml de PG<\/p>\n","protected":false},"excerpt":{"rendered":"<p>Viura Reserva 120 ELiquid de extracto natural de tabaco hecho de la variedad de tabaco cubano Corojo, mezclado con el tabaco Corojo cultivado en el valle de Jamastr\u00e1n en el sur de Honduras. Versi\u00f3n Reserva de nuestro conocido sabor Viura, tras reposar durante 4 semanas en barricas de roble franc\u00e9s. Este producto consta de una [&hellip;]<\/p>\n","protected":false},"featured_media":8597,"template":"","meta":[],"product_brand":[77],"product_cat":[62,287,58,290],"product_tag":[],"class_list":{"0":"post-8596","1":"product","2":"type-product","3":"status-publish","4":"has-post-thumbnail","6":"product_brand-herrera","7":"product_cat-aromas","8":"product_cat-herrera","9":"product_cat-vapeo","10":"product_cat-viura","12":"first","13":"instock","14":"taxable","15":"shipping-taxable","16":"product-type-simple"},"yoast_head":"<!-- This site is optimized with the Yoast SEO plugin v27.1.1 - https:\/\/yoast.com\/product\/yoast-seo-wordpress\/ -->\n<title>Viura Reserva 120 - OPHIRA UNIVERSE SL<\/title>\n<meta name=\"robots\" content=\"index, follow, max-snippet:-1, max-image-preview:large, max-video-preview:-1\" \/>\n<link rel=\"canonical\" href=\"https:\/\/ophiradistribution.com\/en\/product\/viura-reserva-120\/\" \/>\n<meta property=\"og:locale\" content=\"en_US\" \/>\n<meta property=\"og:type\" content=\"article\" \/>\n<meta property=\"og:title\" content=\"Viura Reserva 120 - OPHIRA UNIVERSE SL\" \/>\n<meta property=\"og:description\" content=\"Viura Reserva 120 ELiquid de extracto natural de tabaco hecho de la variedad de tabaco cubano Corojo, mezclado con el tabaco Corojo cultivado en el valle de Jamastr\u00e1n en el sur de Honduras. Versi\u00f3n Reserva de nuestro conocido sabor Viura, tras reposar durante 4 semanas en barricas de roble franc\u00e9s. Este producto consta de una [&hellip;]\" \/>\n<meta property=\"og:url\" content=\"https:\/\/ophiradistribution.com\/en\/product\/viura-reserva-120\/\" \/>\n<meta property=\"og:site_name\" content=\"OPHIRA UNIVERSE SL\" \/>\n<meta property=\"article:modified_time\" content=\"2026-03-10T09:54:20+00:00\" \/>\n<meta property=\"og:image\" content=\"https:\/\/ophiradistribution.com\/wp-content\/uploads\/2026\/03\/xviura-reserva-120.jpg.pagespeed.ic_.jFVllcAAeh.png\" \/>\n\t<meta property=\"og:image:width\" content=\"452\" \/>\n\t<meta property=\"og:image:height\" content=\"452\" \/>\n\t<meta property=\"og:image:type\" content=\"image\/png\" \/>\n<meta name=\"twitter:card\" content=\"summary_large_image\" \/>\n<meta name=\"twitter:label1\" content=\"Est. reading time\" \/>\n\t<meta name=\"twitter:data1\" content=\"1 minute\" \/>\n<script type=\"application\/ld+json\" class=\"yoast-schema-graph\">{\"@context\":\"https:\/\/schema.org\",\"@graph\":[{\"@type\":\"WebPage\",\"@id\":\"https:\/\/ophiradistribution.com\/en\/product\/viura-reserva-120\/\",\"url\":\"https:\/\/ophiradistribution.com\/en\/product\/viura-reserva-120\/\",\"name\":\"Viura Reserva 120 - OPHIRA UNIVERSE SL\",\"isPartOf\":{\"@id\":\"https:\/\/ophiradistribution.com\/en\/#website\"},\"primaryImageOfPage\":{\"@id\":\"https:\/\/ophiradistribution.com\/en\/product\/viura-reserva-120\/#primaryimage\"},\"image\":{\"@id\":\"https:\/\/ophiradistribution.com\/en\/product\/viura-reserva-120\/#primaryimage\"},\"thumbnailUrl\":\"https:\/\/ophiradistribution.com\/wp-content\/uploads\/2026\/03\/xviura-reserva-120.jpg.pagespeed.ic_.jFVllcAAeh.png\",\"datePublished\":\"2026-03-10T09:54:19+00:00\",\"dateModified\":\"2026-03-10T09:54:20+00:00\",\"breadcrumb\":{\"@id\":\"https:\/\/ophiradistribution.com\/en\/product\/viura-reserva-120\/#breadcrumb\"},\"inLanguage\":\"en-US\",\"potentialAction\":[{\"@type\":\"ReadAction\",\"target\":[\"https:\/\/ophiradistribution.com\/en\/product\/viura-reserva-120\/\"]}]},{\"@type\":\"ImageObject\",\"inLanguage\":\"en-US\",\"@id\":\"https:\/\/ophiradistribution.com\/en\/product\/viura-reserva-120\/#primaryimage\",\"url\":\"https:\/\/ophiradistribution.com\/wp-content\/uploads\/2026\/03\/xviura-reserva-120.jpg.pagespeed.ic_.jFVllcAAeh.png\",\"contentUrl\":\"https:\/\/ophiradistribution.com\/wp-content\/uploads\/2026\/03\/xviura-reserva-120.jpg.pagespeed.ic_.jFVllcAAeh.png\",\"width\":452,\"height\":452},{\"@type\":\"BreadcrumbList\",\"@id\":\"https:\/\/ophiradistribution.com\/en\/product\/viura-reserva-120\/#breadcrumb\",\"itemListElement\":[{\"@type\":\"ListItem\",\"position\":1,\"name\":\"Portada\",\"item\":\"https:\/\/ophiradistribution.com\/en\/\"},{\"@type\":\"ListItem\",\"position\":2,\"name\":\"Shop\",\"item\":\"https:\/\/ophiradistribution.com\/en\/shop\/\"},{\"@type\":\"ListItem\",\"position\":3,\"name\":\"Viura Reserva 120\"}]},{\"@type\":\"WebSite\",\"@id\":\"https:\/\/ophiradistribution.com\/en\/#website\",\"url\":\"https:\/\/ophiradistribution.com\/en\/\",\"name\":\"OPHIRA DISTRIBUTION\",\"description\":\"Distribuidores de productos de vapeo y CBD en la UE\",\"publisher\":{\"@id\":\"https:\/\/ophiradistribution.com\/en\/#organization\"},\"potentialAction\":[{\"@type\":\"SearchAction\",\"target\":{\"@type\":\"EntryPoint\",\"urlTemplate\":\"https:\/\/ophiradistribution.com\/en\/?s={search_term_string}\"},\"query-input\":{\"@type\":\"PropertyValueSpecification\",\"valueRequired\":true,\"valueName\":\"search_term_string\"}}],\"inLanguage\":\"en-US\"},{\"@type\":\"Organization\",\"@id\":\"https:\/\/ophiradistribution.com\/en\/#organization\",\"name\":\"OPHIRA UNIVERSE SL\",\"url\":\"https:\/\/ophiradistribution.com\/en\/\",\"logo\":{\"@type\":\"ImageObject\",\"inLanguage\":\"en-US\",\"@id\":\"https:\/\/ophiradistribution.com\/en\/#\/schema\/logo\/image\/\",\"url\":\"https:\/\/ophiradistribution.com\/wp-content\/uploads\/2026\/01\/ophira_logo_big.png\",\"contentUrl\":\"https:\/\/ophiradistribution.com\/wp-content\/uploads\/2026\/01\/ophira_logo_big.png\",\"width\":500,\"height\":433,\"caption\":\"OPHIRA UNIVERSE SL\"},\"image\":{\"@id\":\"https:\/\/ophiradistribution.com\/en\/#\/schema\/logo\/image\/\"}}]}<\/script>\n<!-- \/ Yoast SEO plugin. -->","yoast_head_json":{"title":"Viura Reserva 120 - OPHIRA UNIVERSE SL","robots":{"index":"index","follow":"follow","max-snippet":"max-snippet:-1","max-image-preview":"max-image-preview:large","max-video-preview":"max-video-preview:-1"},"canonical":"https:\/\/ophiradistribution.com\/en\/product\/viura-reserva-120\/","og_locale":"en_US","og_type":"article","og_title":"Viura Reserva 120 - OPHIRA UNIVERSE SL","og_description":"Viura Reserva 120 ELiquid de extracto natural de tabaco hecho de la variedad de tabaco cubano Corojo, mezclado con el tabaco Corojo cultivado en el valle de Jamastr\u00e1n en el sur de Honduras. Versi\u00f3n Reserva de nuestro conocido sabor Viura, tras reposar durante 4 semanas en barricas de roble franc\u00e9s. Este producto consta de una [&hellip;]","og_url":"https:\/\/ophiradistribution.com\/en\/product\/viura-reserva-120\/","og_site_name":"OPHIRA UNIVERSE SL","article_modified_time":"2026-03-10T09:54:20+00:00","og_image":[{"width":452,"height":452,"url":"https:\/\/ophiradistribution.com\/wp-content\/uploads\/2026\/03\/xviura-reserva-120.jpg.pagespeed.ic_.jFVllcAAeh.png","type":"image\/png"}],"twitter_card":"summary_large_image","twitter_misc":{"Est. reading time":"1 minute"},"schema":{"@context":"https:\/\/schema.org","@graph":[{"@type":"WebPage","@id":"https:\/\/ophiradistribution.com\/en\/product\/viura-reserva-120\/","url":"https:\/\/ophiradistribution.com\/en\/product\/viura-reserva-120\/","name":"Viura Reserva 120 - OPHIRA UNIVERSE SL","isPartOf":{"@id":"https:\/\/ophiradistribution.com\/en\/#website"},"primaryImageOfPage":{"@id":"https:\/\/ophiradistribution.com\/en\/product\/viura-reserva-120\/#primaryimage"},"image":{"@id":"https:\/\/ophiradistribution.com\/en\/product\/viura-reserva-120\/#primaryimage"},"thumbnailUrl":"https:\/\/ophiradistribution.com\/wp-content\/uploads\/2026\/03\/xviura-reserva-120.jpg.pagespeed.ic_.jFVllcAAeh.png","datePublished":"2026-03-10T09:54:19+00:00","dateModified":"2026-03-10T09:54:20+00:00","breadcrumb":{"@id":"https:\/\/ophiradistribution.com\/en\/product\/viura-reserva-120\/#breadcrumb"},"inLanguage":"en-US","potentialAction":[{"@type":"ReadAction","target":["https:\/\/ophiradistribution.com\/en\/product\/viura-reserva-120\/"]}]},{"@type":"ImageObject","inLanguage":"en-US","@id":"https:\/\/ophiradistribution.com\/en\/product\/viura-reserva-120\/#primaryimage","url":"https:\/\/ophiradistribution.com\/wp-content\/uploads\/2026\/03\/xviura-reserva-120.jpg.pagespeed.ic_.jFVllcAAeh.png","contentUrl":"https:\/\/ophiradistribution.com\/wp-content\/uploads\/2026\/03\/xviura-reserva-120.jpg.pagespeed.ic_.jFVllcAAeh.png","width":452,"height":452},{"@type":"BreadcrumbList","@id":"https:\/\/ophiradistribution.com\/en\/product\/viura-reserva-120\/#breadcrumb","itemListElement":[{"@type":"ListItem","position":1,"name":"Portada","item":"https:\/\/ophiradistribution.com\/en\/"},{"@type":"ListItem","position":2,"name":"Shop","item":"https:\/\/ophiradistribution.com\/en\/shop\/"},{"@type":"ListItem","position":3,"name":"Viura Reserva 120"}]},{"@type":"WebSite","@id":"https:\/\/ophiradistribution.com\/en\/#website","url":"https:\/\/ophiradistribution.com\/en\/","name":"OPHIRA DISTRIBUTION","description":"Distribuidores de productos de vapeo y CBD en la UE","publisher":{"@id":"https:\/\/ophiradistribution.com\/en\/#organization"},"potentialAction":[{"@type":"SearchAction","target":{"@type":"EntryPoint","urlTemplate":"https:\/\/ophiradistribution.com\/en\/?s={search_term_string}"},"query-input":{"@type":"PropertyValueSpecification","valueRequired":true,"valueName":"search_term_string"}}],"inLanguage":"en-US"},{"@type":"Organization","@id":"https:\/\/ophiradistribution.com\/en\/#organization","name":"OPHIRA UNIVERSE SL","url":"https:\/\/ophiradistribution.com\/en\/","logo":{"@type":"ImageObject","inLanguage":"en-US","@id":"https:\/\/ophiradistribution.com\/en\/#\/schema\/logo\/image\/","url":"https:\/\/ophiradistribution.com\/wp-content\/uploads\/2026\/01\/ophira_logo_big.png","contentUrl":"https:\/\/ophiradistribution.com\/wp-content\/uploads\/2026\/01\/ophira_logo_big.png","width":500,"height":433,"caption":"OPHIRA UNIVERSE SL"},"image":{"@id":"https:\/\/ophiradistribution.com\/en\/#\/schema\/logo\/image\/"}}]}},"_links":{"self":[{"href":"https:\/\/ophiradistribution.com\/en\/wp-json\/wp\/v2\/product\/8596","targetHints":{"allow":["GET"]}}],"collection":[{"href":"https:\/\/ophiradistribution.com\/en\/wp-json\/wp\/v2\/product"}],"about":[{"href":"https:\/\/ophiradistribution.com\/en\/wp-json\/wp\/v2\/types\/product"}],"wp:featuredmedia":[{"embeddable":true,"href":"https:\/\/ophiradistribution.com\/en\/wp-json\/wp\/v2\/media\/8597"}],"wp:attachment":[{"href":"https:\/\/ophiradistribution.com\/en\/wp-json\/wp\/v2\/media?parent=8596"}],"wp:term":[{"taxonomy":"product_brand","embeddable":true,"href":"https:\/\/ophiradistribution.com\/en\/wp-json\/wp\/v2\/product_brand?post=8596"},{"taxonomy":"product_cat","embeddable":true,"href":"https:\/\/ophiradistribution.com\/en\/wp-json\/wp\/v2\/product_cat?post=8596"},{"taxonomy":"product_tag","embeddable":true,"href":"https:\/\/ophiradistribution.com\/en\/wp-json\/wp\/v2\/product_tag?post=8596"}],"curies":[{"name":"wp","href":"https:\/\/api.w.org\/{rel}","templated":true}]}}