{"id":8630,"date":"2026-03-10T14:49:29","date_gmt":"2026-03-10T13:49:29","guid":{"rendered":"https:\/\/ophiradistribution.com\/?post_type=product&#038;p=8630"},"modified":"2026-03-11T11:49:45","modified_gmt":"2026-03-11T10:49:45","slug":"watermelon","status":"publish","type":"product","link":"https:\/\/ophiradistribution.com\/en\/product\/watermelon\/","title":{"rendered":"Watermelon"},"content":{"rendered":"<p><strong>Watermelon CBD<\/strong><\/p>\n<p>Gen\u00e9tica cultivada en glasshouse con apoyo lum\u00ednico en el norte de Europa. Watermelon, es una cepa indica con un dulce aroma afrutado\u00a0y tropical.<\/p>\n<p>Sus flores, compactas y de buen calibre, vienen cargadas hasta arriba de resina, con un alto valor en cannabidiol, Watermelon es la compa\u00f1era perfecta para el d\u00eda a d\u00eda.<\/p>\n<p>Producida en Europa bajo normativas estrictas, esta gen\u00e9tica contiene un\u00a0<strong>elevado contenido de CBD<\/strong>\u00a0de origen natural, con un nivel de\u00a0<strong>THC inferior al 0,2\u202f%<\/strong>, lo que la hace completamente legal en Espa\u00f1a y la UE.<\/p>\n<ul>\n<li>Flor de c\u00e1\u00f1amo con alto contenido de CBD<\/li>\n<li>Aroma: dulce, afrutado y tropical<\/li>\n<li>THC &lt; 0,2\u202f%<\/li>\n<li>Disponible en formatos: 1g, 3g, 5g (mas formatos disponible)<\/li>\n<li>Cultivo sin pesticidas ni metales pesados<\/li>\n<\/ul>\n<p><strong>Producto destinado a coleccionismo, ambientaci\u00f3n o uso decorativo. No apto para consumo.<\/strong><\/p>\n<p>Conservar en lugar fresco, seco y protegido de la luz solar directa.<\/p>\n<p>1g Outdoor Afrutada 16% &#8212; 50-100 cantidades 3,20 \u20ac<br \/>\n3g Outdoor Afrutada 16% &#8212; 50-100 cantidades-6,75 \u20ac<br \/>\n5g Outdoor Afrutada 16% &#8212; 50-100 cantidades &#8211; 8,25 \u20ac<\/p>\n<p>&nbsp;<\/p>\n","protected":false},"excerpt":{"rendered":"<p>Watermelon CBD Gen\u00e9tica cultivada en glasshouse con apoyo lum\u00ednico en el norte de Europa. Watermelon, es una cepa indica con un dulce aroma afrutado\u00a0y tropical. Sus flores, compactas y de buen calibre, vienen cargadas hasta arriba de resina, con un alto valor en cannabidiol, Watermelon es la compa\u00f1era perfecta para el d\u00eda a d\u00eda. Producida [&hellip;]<\/p>\n","protected":false},"featured_media":8631,"template":"","meta":[],"product_brand":[302],"product_cat":[59,303,306],"product_tag":[],"class_list":{"0":"post-8630","1":"product","2":"type-product","3":"status-publish","4":"has-post-thumbnail","6":"product_brand-tu-marca-de-cbd","7":"product_cat-cbd","8":"product_cat-flores-cbd","9":"product_cat-tu-marca-de-cbd","11":"first","12":"instock","13":"taxable","14":"shipping-taxable","15":"product-type-variable"},"yoast_head":"<!-- This site is optimized with the Yoast SEO plugin v27.1.1 - https:\/\/yoast.com\/product\/yoast-seo-wordpress\/ -->\n<title>Watermelon - OPHIRA UNIVERSE SL<\/title>\n<meta name=\"robots\" content=\"index, follow, max-snippet:-1, max-image-preview:large, max-video-preview:-1\" \/>\n<link rel=\"canonical\" href=\"https:\/\/ophiradistribution.com\/en\/product\/watermelon\/\" \/>\n<meta property=\"og:locale\" content=\"en_US\" \/>\n<meta property=\"og:type\" content=\"article\" \/>\n<meta property=\"og:title\" content=\"Watermelon - OPHIRA UNIVERSE SL\" \/>\n<meta property=\"og:description\" content=\"Watermelon CBD Gen\u00e9tica cultivada en glasshouse con apoyo lum\u00ednico en el norte de Europa. Watermelon, es una cepa indica con un dulce aroma afrutado\u00a0y tropical. Sus flores, compactas y de buen calibre, vienen cargadas hasta arriba de resina, con un alto valor en cannabidiol, Watermelon es la compa\u00f1era perfecta para el d\u00eda a d\u00eda. Producida [&hellip;]\" \/>\n<meta property=\"og:url\" content=\"https:\/\/ophiradistribution.com\/en\/product\/watermelon\/\" \/>\n<meta property=\"og:site_name\" content=\"OPHIRA UNIVERSE SL\" \/>\n<meta property=\"article:modified_time\" content=\"2026-03-11T10:49:45+00:00\" \/>\n<meta property=\"og:image\" content=\"https:\/\/ophiradistribution.com\/wp-content\/uploads\/2026\/03\/ChatGPT_Image_12_sept_2025_12_48_34.webp\" \/>\n\t<meta property=\"og:image:width\" content=\"713\" \/>\n\t<meta property=\"og:image:height\" content=\"713\" \/>\n\t<meta property=\"og:image:type\" content=\"image\/webp\" \/>\n<meta name=\"twitter:card\" content=\"summary_large_image\" \/>\n<meta name=\"twitter:label1\" content=\"Est. reading time\" \/>\n\t<meta name=\"twitter:data1\" content=\"1 minute\" \/>\n<script type=\"application\/ld+json\" class=\"yoast-schema-graph\">{\"@context\":\"https:\/\/schema.org\",\"@graph\":[{\"@type\":\"WebPage\",\"@id\":\"https:\/\/ophiradistribution.com\/en\/product\/watermelon\/\",\"url\":\"https:\/\/ophiradistribution.com\/en\/product\/watermelon\/\",\"name\":\"Watermelon - OPHIRA UNIVERSE SL\",\"isPartOf\":{\"@id\":\"https:\/\/ophiradistribution.com\/en\/#website\"},\"primaryImageOfPage\":{\"@id\":\"https:\/\/ophiradistribution.com\/en\/product\/watermelon\/#primaryimage\"},\"image\":{\"@id\":\"https:\/\/ophiradistribution.com\/en\/product\/watermelon\/#primaryimage\"},\"thumbnailUrl\":\"https:\/\/ophiradistribution.com\/wp-content\/uploads\/2026\/03\/ChatGPT_Image_12_sept_2025_12_48_34.webp\",\"datePublished\":\"2026-03-10T13:49:29+00:00\",\"dateModified\":\"2026-03-11T10:49:45+00:00\",\"breadcrumb\":{\"@id\":\"https:\/\/ophiradistribution.com\/en\/product\/watermelon\/#breadcrumb\"},\"inLanguage\":\"en-US\",\"potentialAction\":[{\"@type\":\"ReadAction\",\"target\":[\"https:\/\/ophiradistribution.com\/en\/product\/watermelon\/\"]}]},{\"@type\":\"ImageObject\",\"inLanguage\":\"en-US\",\"@id\":\"https:\/\/ophiradistribution.com\/en\/product\/watermelon\/#primaryimage\",\"url\":\"https:\/\/ophiradistribution.com\/wp-content\/uploads\/2026\/03\/ChatGPT_Image_12_sept_2025_12_48_34.webp\",\"contentUrl\":\"https:\/\/ophiradistribution.com\/wp-content\/uploads\/2026\/03\/ChatGPT_Image_12_sept_2025_12_48_34.webp\",\"width\":713,\"height\":713},{\"@type\":\"BreadcrumbList\",\"@id\":\"https:\/\/ophiradistribution.com\/en\/product\/watermelon\/#breadcrumb\",\"itemListElement\":[{\"@type\":\"ListItem\",\"position\":1,\"name\":\"Portada\",\"item\":\"https:\/\/ophiradistribution.com\/en\/\"},{\"@type\":\"ListItem\",\"position\":2,\"name\":\"Shop\",\"item\":\"https:\/\/ophiradistribution.com\/en\/shop\/\"},{\"@type\":\"ListItem\",\"position\":3,\"name\":\"Watermelon\"}]},{\"@type\":\"WebSite\",\"@id\":\"https:\/\/ophiradistribution.com\/en\/#website\",\"url\":\"https:\/\/ophiradistribution.com\/en\/\",\"name\":\"OPHIRA DISTRIBUTION\",\"description\":\"Distribuidores de productos de vapeo y CBD en la UE\",\"publisher\":{\"@id\":\"https:\/\/ophiradistribution.com\/en\/#organization\"},\"potentialAction\":[{\"@type\":\"SearchAction\",\"target\":{\"@type\":\"EntryPoint\",\"urlTemplate\":\"https:\/\/ophiradistribution.com\/en\/?s={search_term_string}\"},\"query-input\":{\"@type\":\"PropertyValueSpecification\",\"valueRequired\":true,\"valueName\":\"search_term_string\"}}],\"inLanguage\":\"en-US\"},{\"@type\":\"Organization\",\"@id\":\"https:\/\/ophiradistribution.com\/en\/#organization\",\"name\":\"OPHIRA UNIVERSE SL\",\"url\":\"https:\/\/ophiradistribution.com\/en\/\",\"logo\":{\"@type\":\"ImageObject\",\"inLanguage\":\"en-US\",\"@id\":\"https:\/\/ophiradistribution.com\/en\/#\/schema\/logo\/image\/\",\"url\":\"https:\/\/ophiradistribution.com\/wp-content\/uploads\/2026\/01\/ophira_logo_big.png\",\"contentUrl\":\"https:\/\/ophiradistribution.com\/wp-content\/uploads\/2026\/01\/ophira_logo_big.png\",\"width\":500,\"height\":433,\"caption\":\"OPHIRA UNIVERSE SL\"},\"image\":{\"@id\":\"https:\/\/ophiradistribution.com\/en\/#\/schema\/logo\/image\/\"}}]}<\/script>\n<!-- \/ Yoast SEO plugin. -->","yoast_head_json":{"title":"Watermelon - OPHIRA UNIVERSE SL","robots":{"index":"index","follow":"follow","max-snippet":"max-snippet:-1","max-image-preview":"max-image-preview:large","max-video-preview":"max-video-preview:-1"},"canonical":"https:\/\/ophiradistribution.com\/en\/product\/watermelon\/","og_locale":"en_US","og_type":"article","og_title":"Watermelon - OPHIRA UNIVERSE SL","og_description":"Watermelon CBD Gen\u00e9tica cultivada en glasshouse con apoyo lum\u00ednico en el norte de Europa. Watermelon, es una cepa indica con un dulce aroma afrutado\u00a0y tropical. Sus flores, compactas y de buen calibre, vienen cargadas hasta arriba de resina, con un alto valor en cannabidiol, Watermelon es la compa\u00f1era perfecta para el d\u00eda a d\u00eda. Producida [&hellip;]","og_url":"https:\/\/ophiradistribution.com\/en\/product\/watermelon\/","og_site_name":"OPHIRA UNIVERSE SL","article_modified_time":"2026-03-11T10:49:45+00:00","og_image":[{"width":713,"height":713,"url":"https:\/\/ophiradistribution.com\/wp-content\/uploads\/2026\/03\/ChatGPT_Image_12_sept_2025_12_48_34.webp","type":"image\/webp"}],"twitter_card":"summary_large_image","twitter_misc":{"Est. reading time":"1 minute"},"schema":{"@context":"https:\/\/schema.org","@graph":[{"@type":"WebPage","@id":"https:\/\/ophiradistribution.com\/en\/product\/watermelon\/","url":"https:\/\/ophiradistribution.com\/en\/product\/watermelon\/","name":"Watermelon - OPHIRA UNIVERSE SL","isPartOf":{"@id":"https:\/\/ophiradistribution.com\/en\/#website"},"primaryImageOfPage":{"@id":"https:\/\/ophiradistribution.com\/en\/product\/watermelon\/#primaryimage"},"image":{"@id":"https:\/\/ophiradistribution.com\/en\/product\/watermelon\/#primaryimage"},"thumbnailUrl":"https:\/\/ophiradistribution.com\/wp-content\/uploads\/2026\/03\/ChatGPT_Image_12_sept_2025_12_48_34.webp","datePublished":"2026-03-10T13:49:29+00:00","dateModified":"2026-03-11T10:49:45+00:00","breadcrumb":{"@id":"https:\/\/ophiradistribution.com\/en\/product\/watermelon\/#breadcrumb"},"inLanguage":"en-US","potentialAction":[{"@type":"ReadAction","target":["https:\/\/ophiradistribution.com\/en\/product\/watermelon\/"]}]},{"@type":"ImageObject","inLanguage":"en-US","@id":"https:\/\/ophiradistribution.com\/en\/product\/watermelon\/#primaryimage","url":"https:\/\/ophiradistribution.com\/wp-content\/uploads\/2026\/03\/ChatGPT_Image_12_sept_2025_12_48_34.webp","contentUrl":"https:\/\/ophiradistribution.com\/wp-content\/uploads\/2026\/03\/ChatGPT_Image_12_sept_2025_12_48_34.webp","width":713,"height":713},{"@type":"BreadcrumbList","@id":"https:\/\/ophiradistribution.com\/en\/product\/watermelon\/#breadcrumb","itemListElement":[{"@type":"ListItem","position":1,"name":"Portada","item":"https:\/\/ophiradistribution.com\/en\/"},{"@type":"ListItem","position":2,"name":"Shop","item":"https:\/\/ophiradistribution.com\/en\/shop\/"},{"@type":"ListItem","position":3,"name":"Watermelon"}]},{"@type":"WebSite","@id":"https:\/\/ophiradistribution.com\/en\/#website","url":"https:\/\/ophiradistribution.com\/en\/","name":"OPHIRA DISTRIBUTION","description":"Distribuidores de productos de vapeo y CBD en la UE","publisher":{"@id":"https:\/\/ophiradistribution.com\/en\/#organization"},"potentialAction":[{"@type":"SearchAction","target":{"@type":"EntryPoint","urlTemplate":"https:\/\/ophiradistribution.com\/en\/?s={search_term_string}"},"query-input":{"@type":"PropertyValueSpecification","valueRequired":true,"valueName":"search_term_string"}}],"inLanguage":"en-US"},{"@type":"Organization","@id":"https:\/\/ophiradistribution.com\/en\/#organization","name":"OPHIRA UNIVERSE SL","url":"https:\/\/ophiradistribution.com\/en\/","logo":{"@type":"ImageObject","inLanguage":"en-US","@id":"https:\/\/ophiradistribution.com\/en\/#\/schema\/logo\/image\/","url":"https:\/\/ophiradistribution.com\/wp-content\/uploads\/2026\/01\/ophira_logo_big.png","contentUrl":"https:\/\/ophiradistribution.com\/wp-content\/uploads\/2026\/01\/ophira_logo_big.png","width":500,"height":433,"caption":"OPHIRA UNIVERSE SL"},"image":{"@id":"https:\/\/ophiradistribution.com\/en\/#\/schema\/logo\/image\/"}}]}},"_links":{"self":[{"href":"https:\/\/ophiradistribution.com\/en\/wp-json\/wp\/v2\/product\/8630","targetHints":{"allow":["GET"]}}],"collection":[{"href":"https:\/\/ophiradistribution.com\/en\/wp-json\/wp\/v2\/product"}],"about":[{"href":"https:\/\/ophiradistribution.com\/en\/wp-json\/wp\/v2\/types\/product"}],"wp:featuredmedia":[{"embeddable":true,"href":"https:\/\/ophiradistribution.com\/en\/wp-json\/wp\/v2\/media\/8631"}],"wp:attachment":[{"href":"https:\/\/ophiradistribution.com\/en\/wp-json\/wp\/v2\/media?parent=8630"}],"wp:term":[{"taxonomy":"product_brand","embeddable":true,"href":"https:\/\/ophiradistribution.com\/en\/wp-json\/wp\/v2\/product_brand?post=8630"},{"taxonomy":"product_cat","embeddable":true,"href":"https:\/\/ophiradistribution.com\/en\/wp-json\/wp\/v2\/product_cat?post=8630"},{"taxonomy":"product_tag","embeddable":true,"href":"https:\/\/ophiradistribution.com\/en\/wp-json\/wp\/v2\/product_tag?post=8630"}],"curies":[{"name":"wp","href":"https:\/\/api.w.org\/{rel}","templated":true}]}}