{"id":8687,"date":"2026-03-11T11:21:15","date_gmt":"2026-03-11T10:21:15","guid":{"rendered":"https:\/\/ophiradistribution.com\/?post_type=product&#038;p=8687"},"modified":"2026-03-11T11:21:16","modified_gmt":"2026-03-11T10:21:16","slug":"blueberry-cbd-50","status":"publish","type":"product","link":"https:\/\/ophiradistribution.com\/en\/product\/blueberry-cbd-50\/","title":{"rendered":"Blueberry &#8211; CBD 50%"},"content":{"rendered":"<p>Experimente el mix perfecto del sabor afrutado del ar\u00e1ndano y el CBD de alta calidad. Nuestro\u00a0Vape desechable Blueberry le ofrece hasta 500 bocanadas de disfrute. El sabor natural del ar\u00e1ndano armoniza perfectamente con los efectos calmantes del CBD, mientras que el dise\u00f1o desechable le ofrece la m\u00e1xima comodidad. Ideal para llevar sin comprometer la calidad.<\/p>\n<p>Contenido: 1ml<br \/>\n\u2022 Ingredientes: Extracto de c\u00e1\u00f1amo, PG, aromas naturales<br \/>\n\u2022 Contenido de CBD: 50%<br \/>\n\u2022 THC: 0,0%<br \/>\n\u2022 Nicotina: 0,0%<br \/>\n\u2022 Destilaci\u00f3n: 6 veces<br \/>\n\u2022 Puffs: aproximadamente 600 caladas<br \/>\n\u2022 Tipo: Vape desechable<br \/>\n\u2022 Bater\u00eda: Bater\u00eda de 280mAh<br \/>\n\u2022 Carga: Carga mediante USB-C<br \/>\n\u2022 Sistema de ventilaci\u00f3n: Sistema de ventilaci\u00f3n dual sin obstrucciones (Clog-Free)<br \/>\n\u2022 Conformidad: No est\u00e1 sujeto a la Ley de Estupefacientes ni a la Ley de Medicamentos (SMG o BtMG)<\/p>\n<ul>\n<li>Conservar en un lugar seco, fresco y protegido de la luz.<\/li>\n<li>No apto para menores de edad.<\/li>\n<li>No apto para el consumo<\/li>\n<li>Prohibido para mujeres embarazadas o en per\u00edodo de lactancia, personas con problemas card\u00edacos,<br \/>\nDiabetes o aquellos que toman antidepresivos o medicamentos para el asma.<\/li>\n<\/ul>\n","protected":false},"excerpt":{"rendered":"<p>Experimente el mix perfecto del sabor afrutado del ar\u00e1ndano y el CBD de alta calidad. Nuestro\u00a0Vape desechable Blueberry le ofrece hasta 500 bocanadas de disfrute. El sabor natural del ar\u00e1ndano armoniza perfectamente con los efectos calmantes del CBD, mientras que el dise\u00f1o desechable le ofrece la m\u00e1xima comodidad. Ideal para llevar sin comprometer la calidad. [&hellip;]<\/p>\n","protected":false},"featured_media":8688,"template":"","meta":[],"product_brand":[169],"product_cat":[59,316,315],"product_tag":[],"class_list":{"0":"post-8687","1":"product","2":"type-product","3":"status-publish","4":"has-post-thumbnail","6":"product_brand-onlygrams","7":"product_cat-cbd","8":"product_cat-cbd-vape-onlygrams","9":"product_cat-cbd-vapes","11":"first","12":"instock","13":"taxable","14":"shipping-taxable","15":"product-type-simple"},"yoast_head":"<!-- This site is optimized with the Yoast SEO plugin v27.1.1 - https:\/\/yoast.com\/product\/yoast-seo-wordpress\/ -->\n<title>Blueberry - CBD 50% - OPHIRA UNIVERSE SL<\/title>\n<meta name=\"robots\" content=\"index, follow, max-snippet:-1, max-image-preview:large, max-video-preview:-1\" \/>\n<link rel=\"canonical\" href=\"https:\/\/ophiradistribution.com\/en\/product\/blueberry-cbd-50\/\" \/>\n<meta property=\"og:locale\" content=\"en_US\" \/>\n<meta property=\"og:type\" content=\"article\" \/>\n<meta property=\"og:title\" content=\"Blueberry - CBD 50% - OPHIRA UNIVERSE SL\" \/>\n<meta property=\"og:description\" content=\"Experimente el mix perfecto del sabor afrutado del ar\u00e1ndano y el CBD de alta calidad. Nuestro\u00a0Vape desechable Blueberry le ofrece hasta 500 bocanadas de disfrute. El sabor natural del ar\u00e1ndano armoniza perfectamente con los efectos calmantes del CBD, mientras que el dise\u00f1o desechable le ofrece la m\u00e1xima comodidad. Ideal para llevar sin comprometer la calidad. [&hellip;]\" \/>\n<meta property=\"og:url\" content=\"https:\/\/ophiradistribution.com\/en\/product\/blueberry-cbd-50\/\" \/>\n<meta property=\"og:site_name\" content=\"OPHIRA UNIVERSE SL\" \/>\n<meta property=\"article:modified_time\" content=\"2026-03-11T10:21:16+00:00\" \/>\n<meta property=\"og:image\" content=\"https:\/\/ophiradistribution.com\/wp-content\/uploads\/2026\/03\/onlygrams-cbd-vape-blueberry.webp\" \/>\n\t<meta property=\"og:image:width\" content=\"600\" \/>\n\t<meta property=\"og:image:height\" content=\"750\" \/>\n\t<meta property=\"og:image:type\" content=\"image\/webp\" \/>\n<meta name=\"twitter:card\" content=\"summary_large_image\" \/>\n<meta name=\"twitter:label1\" content=\"Est. reading time\" \/>\n\t<meta name=\"twitter:data1\" content=\"1 minute\" \/>\n<script type=\"application\/ld+json\" class=\"yoast-schema-graph\">{\"@context\":\"https:\/\/schema.org\",\"@graph\":[{\"@type\":\"WebPage\",\"@id\":\"https:\/\/ophiradistribution.com\/en\/product\/blueberry-cbd-50\/\",\"url\":\"https:\/\/ophiradistribution.com\/en\/product\/blueberry-cbd-50\/\",\"name\":\"Blueberry - CBD 50% - OPHIRA UNIVERSE SL\",\"isPartOf\":{\"@id\":\"https:\/\/ophiradistribution.com\/en\/#website\"},\"primaryImageOfPage\":{\"@id\":\"https:\/\/ophiradistribution.com\/en\/product\/blueberry-cbd-50\/#primaryimage\"},\"image\":{\"@id\":\"https:\/\/ophiradistribution.com\/en\/product\/blueberry-cbd-50\/#primaryimage\"},\"thumbnailUrl\":\"https:\/\/ophiradistribution.com\/wp-content\/uploads\/2026\/03\/onlygrams-cbd-vape-blueberry.webp\",\"datePublished\":\"2026-03-11T10:21:15+00:00\",\"dateModified\":\"2026-03-11T10:21:16+00:00\",\"breadcrumb\":{\"@id\":\"https:\/\/ophiradistribution.com\/en\/product\/blueberry-cbd-50\/#breadcrumb\"},\"inLanguage\":\"en-US\",\"potentialAction\":[{\"@type\":\"ReadAction\",\"target\":[\"https:\/\/ophiradistribution.com\/en\/product\/blueberry-cbd-50\/\"]}]},{\"@type\":\"ImageObject\",\"inLanguage\":\"en-US\",\"@id\":\"https:\/\/ophiradistribution.com\/en\/product\/blueberry-cbd-50\/#primaryimage\",\"url\":\"https:\/\/ophiradistribution.com\/wp-content\/uploads\/2026\/03\/onlygrams-cbd-vape-blueberry.webp\",\"contentUrl\":\"https:\/\/ophiradistribution.com\/wp-content\/uploads\/2026\/03\/onlygrams-cbd-vape-blueberry.webp\",\"width\":600,\"height\":750},{\"@type\":\"BreadcrumbList\",\"@id\":\"https:\/\/ophiradistribution.com\/en\/product\/blueberry-cbd-50\/#breadcrumb\",\"itemListElement\":[{\"@type\":\"ListItem\",\"position\":1,\"name\":\"Portada\",\"item\":\"https:\/\/ophiradistribution.com\/en\/\"},{\"@type\":\"ListItem\",\"position\":2,\"name\":\"Shop\",\"item\":\"https:\/\/ophiradistribution.com\/en\/shop\/\"},{\"@type\":\"ListItem\",\"position\":3,\"name\":\"Blueberry &#8211; CBD 50%\"}]},{\"@type\":\"WebSite\",\"@id\":\"https:\/\/ophiradistribution.com\/en\/#website\",\"url\":\"https:\/\/ophiradistribution.com\/en\/\",\"name\":\"OPHIRA DISTRIBUTION\",\"description\":\"Distribuidores de productos de vapeo y CBD en la UE\",\"publisher\":{\"@id\":\"https:\/\/ophiradistribution.com\/en\/#organization\"},\"potentialAction\":[{\"@type\":\"SearchAction\",\"target\":{\"@type\":\"EntryPoint\",\"urlTemplate\":\"https:\/\/ophiradistribution.com\/en\/?s={search_term_string}\"},\"query-input\":{\"@type\":\"PropertyValueSpecification\",\"valueRequired\":true,\"valueName\":\"search_term_string\"}}],\"inLanguage\":\"en-US\"},{\"@type\":\"Organization\",\"@id\":\"https:\/\/ophiradistribution.com\/en\/#organization\",\"name\":\"OPHIRA UNIVERSE SL\",\"url\":\"https:\/\/ophiradistribution.com\/en\/\",\"logo\":{\"@type\":\"ImageObject\",\"inLanguage\":\"en-US\",\"@id\":\"https:\/\/ophiradistribution.com\/en\/#\/schema\/logo\/image\/\",\"url\":\"https:\/\/ophiradistribution.com\/wp-content\/uploads\/2026\/01\/ophira_logo_big.png\",\"contentUrl\":\"https:\/\/ophiradistribution.com\/wp-content\/uploads\/2026\/01\/ophira_logo_big.png\",\"width\":500,\"height\":433,\"caption\":\"OPHIRA UNIVERSE SL\"},\"image\":{\"@id\":\"https:\/\/ophiradistribution.com\/en\/#\/schema\/logo\/image\/\"}}]}<\/script>\n<!-- \/ Yoast SEO plugin. -->","yoast_head_json":{"title":"Blueberry - CBD 50% - OPHIRA UNIVERSE SL","robots":{"index":"index","follow":"follow","max-snippet":"max-snippet:-1","max-image-preview":"max-image-preview:large","max-video-preview":"max-video-preview:-1"},"canonical":"https:\/\/ophiradistribution.com\/en\/product\/blueberry-cbd-50\/","og_locale":"en_US","og_type":"article","og_title":"Blueberry - CBD 50% - OPHIRA UNIVERSE SL","og_description":"Experimente el mix perfecto del sabor afrutado del ar\u00e1ndano y el CBD de alta calidad. Nuestro\u00a0Vape desechable Blueberry le ofrece hasta 500 bocanadas de disfrute. El sabor natural del ar\u00e1ndano armoniza perfectamente con los efectos calmantes del CBD, mientras que el dise\u00f1o desechable le ofrece la m\u00e1xima comodidad. Ideal para llevar sin comprometer la calidad. [&hellip;]","og_url":"https:\/\/ophiradistribution.com\/en\/product\/blueberry-cbd-50\/","og_site_name":"OPHIRA UNIVERSE SL","article_modified_time":"2026-03-11T10:21:16+00:00","og_image":[{"width":600,"height":750,"url":"https:\/\/ophiradistribution.com\/wp-content\/uploads\/2026\/03\/onlygrams-cbd-vape-blueberry.webp","type":"image\/webp"}],"twitter_card":"summary_large_image","twitter_misc":{"Est. reading time":"1 minute"},"schema":{"@context":"https:\/\/schema.org","@graph":[{"@type":"WebPage","@id":"https:\/\/ophiradistribution.com\/en\/product\/blueberry-cbd-50\/","url":"https:\/\/ophiradistribution.com\/en\/product\/blueberry-cbd-50\/","name":"Blueberry - CBD 50% - OPHIRA UNIVERSE SL","isPartOf":{"@id":"https:\/\/ophiradistribution.com\/en\/#website"},"primaryImageOfPage":{"@id":"https:\/\/ophiradistribution.com\/en\/product\/blueberry-cbd-50\/#primaryimage"},"image":{"@id":"https:\/\/ophiradistribution.com\/en\/product\/blueberry-cbd-50\/#primaryimage"},"thumbnailUrl":"https:\/\/ophiradistribution.com\/wp-content\/uploads\/2026\/03\/onlygrams-cbd-vape-blueberry.webp","datePublished":"2026-03-11T10:21:15+00:00","dateModified":"2026-03-11T10:21:16+00:00","breadcrumb":{"@id":"https:\/\/ophiradistribution.com\/en\/product\/blueberry-cbd-50\/#breadcrumb"},"inLanguage":"en-US","potentialAction":[{"@type":"ReadAction","target":["https:\/\/ophiradistribution.com\/en\/product\/blueberry-cbd-50\/"]}]},{"@type":"ImageObject","inLanguage":"en-US","@id":"https:\/\/ophiradistribution.com\/en\/product\/blueberry-cbd-50\/#primaryimage","url":"https:\/\/ophiradistribution.com\/wp-content\/uploads\/2026\/03\/onlygrams-cbd-vape-blueberry.webp","contentUrl":"https:\/\/ophiradistribution.com\/wp-content\/uploads\/2026\/03\/onlygrams-cbd-vape-blueberry.webp","width":600,"height":750},{"@type":"BreadcrumbList","@id":"https:\/\/ophiradistribution.com\/en\/product\/blueberry-cbd-50\/#breadcrumb","itemListElement":[{"@type":"ListItem","position":1,"name":"Portada","item":"https:\/\/ophiradistribution.com\/en\/"},{"@type":"ListItem","position":2,"name":"Shop","item":"https:\/\/ophiradistribution.com\/en\/shop\/"},{"@type":"ListItem","position":3,"name":"Blueberry &#8211; CBD 50%"}]},{"@type":"WebSite","@id":"https:\/\/ophiradistribution.com\/en\/#website","url":"https:\/\/ophiradistribution.com\/en\/","name":"OPHIRA DISTRIBUTION","description":"Distribuidores de productos de vapeo y CBD en la UE","publisher":{"@id":"https:\/\/ophiradistribution.com\/en\/#organization"},"potentialAction":[{"@type":"SearchAction","target":{"@type":"EntryPoint","urlTemplate":"https:\/\/ophiradistribution.com\/en\/?s={search_term_string}"},"query-input":{"@type":"PropertyValueSpecification","valueRequired":true,"valueName":"search_term_string"}}],"inLanguage":"en-US"},{"@type":"Organization","@id":"https:\/\/ophiradistribution.com\/en\/#organization","name":"OPHIRA UNIVERSE SL","url":"https:\/\/ophiradistribution.com\/en\/","logo":{"@type":"ImageObject","inLanguage":"en-US","@id":"https:\/\/ophiradistribution.com\/en\/#\/schema\/logo\/image\/","url":"https:\/\/ophiradistribution.com\/wp-content\/uploads\/2026\/01\/ophira_logo_big.png","contentUrl":"https:\/\/ophiradistribution.com\/wp-content\/uploads\/2026\/01\/ophira_logo_big.png","width":500,"height":433,"caption":"OPHIRA UNIVERSE SL"},"image":{"@id":"https:\/\/ophiradistribution.com\/en\/#\/schema\/logo\/image\/"}}]}},"_links":{"self":[{"href":"https:\/\/ophiradistribution.com\/en\/wp-json\/wp\/v2\/product\/8687","targetHints":{"allow":["GET"]}}],"collection":[{"href":"https:\/\/ophiradistribution.com\/en\/wp-json\/wp\/v2\/product"}],"about":[{"href":"https:\/\/ophiradistribution.com\/en\/wp-json\/wp\/v2\/types\/product"}],"wp:featuredmedia":[{"embeddable":true,"href":"https:\/\/ophiradistribution.com\/en\/wp-json\/wp\/v2\/media\/8688"}],"wp:attachment":[{"href":"https:\/\/ophiradistribution.com\/en\/wp-json\/wp\/v2\/media?parent=8687"}],"wp:term":[{"taxonomy":"product_brand","embeddable":true,"href":"https:\/\/ophiradistribution.com\/en\/wp-json\/wp\/v2\/product_brand?post=8687"},{"taxonomy":"product_cat","embeddable":true,"href":"https:\/\/ophiradistribution.com\/en\/wp-json\/wp\/v2\/product_cat?post=8687"},{"taxonomy":"product_tag","embeddable":true,"href":"https:\/\/ophiradistribution.com\/en\/wp-json\/wp\/v2\/product_tag?post=8687"}],"curies":[{"name":"wp","href":"https:\/\/api.w.org\/{rel}","templated":true}]}}