{"id":8706,"date":"2026-03-11T12:18:35","date_gmt":"2026-03-11T11:18:35","guid":{"rendered":"https:\/\/ophiradistribution.com\/?post_type=product&#038;p=8706"},"modified":"2026-03-11T12:18:35","modified_gmt":"2026-03-11T11:18:35","slug":"gelato","status":"publish","type":"product","link":"https:\/\/ophiradistribution.com\/en\/product\/gelato\/","title":{"rendered":"Gelato"},"content":{"rendered":"<p><strong>Gelato Indoor CBD<\/strong><\/p>\n<p><strong>Gelato Indoor<\/strong>\u00a0se ha vuelto una de las flores m\u00e1s top del sector y no es para menos, su aroma es una\u00a0<strong>aut\u00e9ntica explosi\u00f3n frutal<\/strong>, sus toques acaramelados se mezclan a la perfecci\u00f3n con fondos extra\u00a0<strong>Sweet<\/strong>. Su color\u00a0<strong>verde claro<\/strong>, t\u00edpico de las flores\u00a0<strong>cultivadas en interior<\/strong>, la hacen una de las\u00a0<strong>gen\u00e9ticas CBD<\/strong>\u00a0favoritas para quienes buscan\u00a0<strong>CBD Indoor de alta calidad<\/strong>.<\/p>\n<p>Producida en el norte de Europa bajo est\u00e1ndares de calidad, esta flor contiene un\u00a0<strong>alto contenido natural de CBD<\/strong>\u00a0y\u00a0<strong>menos de 0,2\u202f% de THC<\/strong>, cumpliendo la legislaci\u00f3n vigente en la UE.<\/p>\n<ul>\n<li>Flor de c\u00e1\u00f1amo arom\u00e1tica (Gelato CBD)<\/li>\n<li>Aroma: dulce, afrutado<\/li>\n<li>CBD en alto porcentaje<\/li>\n<li>THC &lt; 0,2\u202f%<\/li>\n<li>Gramajes disponibles: 1\u202fg, 3\u202fg, 5\u202fg (mas disponible)<\/li>\n<li>Cultivo: Bio Indoor, sin pesticidas<\/li>\n<\/ul>\n<p><strong>Uso recomendado:<\/strong>\u00a0Productos destinados para coleccionistas y\/o uso arom\u00e1tico. No psicoactivo. No apto para consumo. Guardar en lugar fresco y seco.<\/p>\n<p>1g Green H Dulce 15% &#8211;50-100 cantidades &#8211;\u00a0 \u20ac 3,40<br \/>\n3g Green H Dulce 15% &#8212; 50-100 contidades &#8211; \u20ac 7,95<br \/>\n5g Green H Dulce 15% &#8212; 50-100 cantidades &#8211; \u20ac 10,50<\/p>\n<p>&nbsp;<\/p>\n","protected":false},"excerpt":{"rendered":"<p>Gelato Indoor CBD Gelato Indoor\u00a0se ha vuelto una de las flores m\u00e1s top del sector y no es para menos, su aroma es una\u00a0aut\u00e9ntica explosi\u00f3n frutal, sus toques acaramelados se mezclan a la perfecci\u00f3n con fondos extra\u00a0Sweet. Su color\u00a0verde claro, t\u00edpico de las flores\u00a0cultivadas en interior, la hacen una de las\u00a0gen\u00e9ticas CBD\u00a0favoritas para quienes buscan\u00a0CBD [&hellip;]<\/p>\n","protected":false},"featured_media":8707,"template":"","meta":[],"product_brand":[302],"product_cat":[59,303,306],"product_tag":[],"class_list":{"0":"post-8706","1":"product","2":"type-product","3":"status-publish","4":"has-post-thumbnail","6":"product_brand-tu-marca-de-cbd","7":"product_cat-cbd","8":"product_cat-flores-cbd","9":"product_cat-tu-marca-de-cbd","11":"first","12":"instock","13":"taxable","14":"shipping-taxable","15":"product-type-variable"},"yoast_head":"<!-- This site is optimized with the Yoast SEO plugin v27.1.1 - https:\/\/yoast.com\/product\/yoast-seo-wordpress\/ -->\n<title>Gelato - OPHIRA UNIVERSE SL<\/title>\n<meta name=\"robots\" content=\"index, follow, max-snippet:-1, max-image-preview:large, max-video-preview:-1\" \/>\n<link rel=\"canonical\" href=\"https:\/\/ophiradistribution.com\/en\/product\/gelato\/\" \/>\n<meta property=\"og:locale\" content=\"en_US\" \/>\n<meta property=\"og:type\" content=\"article\" \/>\n<meta property=\"og:title\" content=\"Gelato - OPHIRA UNIVERSE SL\" \/>\n<meta property=\"og:description\" content=\"Gelato Indoor CBD Gelato Indoor\u00a0se ha vuelto una de las flores m\u00e1s top del sector y no es para menos, su aroma es una\u00a0aut\u00e9ntica explosi\u00f3n frutal, sus toques acaramelados se mezclan a la perfecci\u00f3n con fondos extra\u00a0Sweet. Su color\u00a0verde claro, t\u00edpico de las flores\u00a0cultivadas en interior, la hacen una de las\u00a0gen\u00e9ticas CBD\u00a0favoritas para quienes buscan\u00a0CBD [&hellip;]\" \/>\n<meta property=\"og:url\" content=\"https:\/\/ophiradistribution.com\/en\/product\/gelato\/\" \/>\n<meta property=\"og:site_name\" content=\"OPHIRA UNIVERSE SL\" \/>\n<meta property=\"og:image\" content=\"https:\/\/ophiradistribution.com\/wp-content\/uploads\/2026\/03\/ChatGPT_Image_13_sept_2025_10_59_29.webp\" \/>\n\t<meta property=\"og:image:width\" content=\"713\" \/>\n\t<meta property=\"og:image:height\" content=\"713\" \/>\n\t<meta property=\"og:image:type\" content=\"image\/webp\" \/>\n<meta name=\"twitter:card\" content=\"summary_large_image\" \/>\n<meta name=\"twitter:label1\" content=\"Est. reading time\" \/>\n\t<meta name=\"twitter:data1\" content=\"1 minute\" \/>\n<script type=\"application\/ld+json\" class=\"yoast-schema-graph\">{\"@context\":\"https:\/\/schema.org\",\"@graph\":[{\"@type\":\"WebPage\",\"@id\":\"https:\/\/ophiradistribution.com\/en\/product\/gelato\/\",\"url\":\"https:\/\/ophiradistribution.com\/en\/product\/gelato\/\",\"name\":\"Gelato - OPHIRA UNIVERSE SL\",\"isPartOf\":{\"@id\":\"https:\/\/ophiradistribution.com\/en\/#website\"},\"primaryImageOfPage\":{\"@id\":\"https:\/\/ophiradistribution.com\/en\/product\/gelato\/#primaryimage\"},\"image\":{\"@id\":\"https:\/\/ophiradistribution.com\/en\/product\/gelato\/#primaryimage\"},\"thumbnailUrl\":\"https:\/\/ophiradistribution.com\/wp-content\/uploads\/2026\/03\/ChatGPT_Image_13_sept_2025_10_59_29.webp\",\"datePublished\":\"2026-03-11T11:18:35+00:00\",\"breadcrumb\":{\"@id\":\"https:\/\/ophiradistribution.com\/en\/product\/gelato\/#breadcrumb\"},\"inLanguage\":\"en-US\",\"potentialAction\":[{\"@type\":\"ReadAction\",\"target\":[\"https:\/\/ophiradistribution.com\/en\/product\/gelato\/\"]}]},{\"@type\":\"ImageObject\",\"inLanguage\":\"en-US\",\"@id\":\"https:\/\/ophiradistribution.com\/en\/product\/gelato\/#primaryimage\",\"url\":\"https:\/\/ophiradistribution.com\/wp-content\/uploads\/2026\/03\/ChatGPT_Image_13_sept_2025_10_59_29.webp\",\"contentUrl\":\"https:\/\/ophiradistribution.com\/wp-content\/uploads\/2026\/03\/ChatGPT_Image_13_sept_2025_10_59_29.webp\",\"width\":713,\"height\":713},{\"@type\":\"BreadcrumbList\",\"@id\":\"https:\/\/ophiradistribution.com\/en\/product\/gelato\/#breadcrumb\",\"itemListElement\":[{\"@type\":\"ListItem\",\"position\":1,\"name\":\"Portada\",\"item\":\"https:\/\/ophiradistribution.com\/en\/\"},{\"@type\":\"ListItem\",\"position\":2,\"name\":\"Shop\",\"item\":\"https:\/\/ophiradistribution.com\/en\/shop\/\"},{\"@type\":\"ListItem\",\"position\":3,\"name\":\"Gelato\"}]},{\"@type\":\"WebSite\",\"@id\":\"https:\/\/ophiradistribution.com\/en\/#website\",\"url\":\"https:\/\/ophiradistribution.com\/en\/\",\"name\":\"OPHIRA DISTRIBUTION\",\"description\":\"Distribuidores de productos de vapeo y CBD en la UE\",\"publisher\":{\"@id\":\"https:\/\/ophiradistribution.com\/en\/#organization\"},\"potentialAction\":[{\"@type\":\"SearchAction\",\"target\":{\"@type\":\"EntryPoint\",\"urlTemplate\":\"https:\/\/ophiradistribution.com\/en\/?s={search_term_string}\"},\"query-input\":{\"@type\":\"PropertyValueSpecification\",\"valueRequired\":true,\"valueName\":\"search_term_string\"}}],\"inLanguage\":\"en-US\"},{\"@type\":\"Organization\",\"@id\":\"https:\/\/ophiradistribution.com\/en\/#organization\",\"name\":\"OPHIRA UNIVERSE SL\",\"url\":\"https:\/\/ophiradistribution.com\/en\/\",\"logo\":{\"@type\":\"ImageObject\",\"inLanguage\":\"en-US\",\"@id\":\"https:\/\/ophiradistribution.com\/en\/#\/schema\/logo\/image\/\",\"url\":\"https:\/\/ophiradistribution.com\/wp-content\/uploads\/2026\/01\/ophira_logo_big.png\",\"contentUrl\":\"https:\/\/ophiradistribution.com\/wp-content\/uploads\/2026\/01\/ophira_logo_big.png\",\"width\":500,\"height\":433,\"caption\":\"OPHIRA UNIVERSE SL\"},\"image\":{\"@id\":\"https:\/\/ophiradistribution.com\/en\/#\/schema\/logo\/image\/\"}}]}<\/script>\n<!-- \/ Yoast SEO plugin. -->","yoast_head_json":{"title":"Gelato - OPHIRA UNIVERSE SL","robots":{"index":"index","follow":"follow","max-snippet":"max-snippet:-1","max-image-preview":"max-image-preview:large","max-video-preview":"max-video-preview:-1"},"canonical":"https:\/\/ophiradistribution.com\/en\/product\/gelato\/","og_locale":"en_US","og_type":"article","og_title":"Gelato - OPHIRA UNIVERSE SL","og_description":"Gelato Indoor CBD Gelato Indoor\u00a0se ha vuelto una de las flores m\u00e1s top del sector y no es para menos, su aroma es una\u00a0aut\u00e9ntica explosi\u00f3n frutal, sus toques acaramelados se mezclan a la perfecci\u00f3n con fondos extra\u00a0Sweet. Su color\u00a0verde claro, t\u00edpico de las flores\u00a0cultivadas en interior, la hacen una de las\u00a0gen\u00e9ticas CBD\u00a0favoritas para quienes buscan\u00a0CBD [&hellip;]","og_url":"https:\/\/ophiradistribution.com\/en\/product\/gelato\/","og_site_name":"OPHIRA UNIVERSE SL","og_image":[{"width":713,"height":713,"url":"https:\/\/ophiradistribution.com\/wp-content\/uploads\/2026\/03\/ChatGPT_Image_13_sept_2025_10_59_29.webp","type":"image\/webp"}],"twitter_card":"summary_large_image","twitter_misc":{"Est. reading time":"1 minute"},"schema":{"@context":"https:\/\/schema.org","@graph":[{"@type":"WebPage","@id":"https:\/\/ophiradistribution.com\/en\/product\/gelato\/","url":"https:\/\/ophiradistribution.com\/en\/product\/gelato\/","name":"Gelato - OPHIRA UNIVERSE SL","isPartOf":{"@id":"https:\/\/ophiradistribution.com\/en\/#website"},"primaryImageOfPage":{"@id":"https:\/\/ophiradistribution.com\/en\/product\/gelato\/#primaryimage"},"image":{"@id":"https:\/\/ophiradistribution.com\/en\/product\/gelato\/#primaryimage"},"thumbnailUrl":"https:\/\/ophiradistribution.com\/wp-content\/uploads\/2026\/03\/ChatGPT_Image_13_sept_2025_10_59_29.webp","datePublished":"2026-03-11T11:18:35+00:00","breadcrumb":{"@id":"https:\/\/ophiradistribution.com\/en\/product\/gelato\/#breadcrumb"},"inLanguage":"en-US","potentialAction":[{"@type":"ReadAction","target":["https:\/\/ophiradistribution.com\/en\/product\/gelato\/"]}]},{"@type":"ImageObject","inLanguage":"en-US","@id":"https:\/\/ophiradistribution.com\/en\/product\/gelato\/#primaryimage","url":"https:\/\/ophiradistribution.com\/wp-content\/uploads\/2026\/03\/ChatGPT_Image_13_sept_2025_10_59_29.webp","contentUrl":"https:\/\/ophiradistribution.com\/wp-content\/uploads\/2026\/03\/ChatGPT_Image_13_sept_2025_10_59_29.webp","width":713,"height":713},{"@type":"BreadcrumbList","@id":"https:\/\/ophiradistribution.com\/en\/product\/gelato\/#breadcrumb","itemListElement":[{"@type":"ListItem","position":1,"name":"Portada","item":"https:\/\/ophiradistribution.com\/en\/"},{"@type":"ListItem","position":2,"name":"Shop","item":"https:\/\/ophiradistribution.com\/en\/shop\/"},{"@type":"ListItem","position":3,"name":"Gelato"}]},{"@type":"WebSite","@id":"https:\/\/ophiradistribution.com\/en\/#website","url":"https:\/\/ophiradistribution.com\/en\/","name":"OPHIRA DISTRIBUTION","description":"Distribuidores de productos de vapeo y CBD en la UE","publisher":{"@id":"https:\/\/ophiradistribution.com\/en\/#organization"},"potentialAction":[{"@type":"SearchAction","target":{"@type":"EntryPoint","urlTemplate":"https:\/\/ophiradistribution.com\/en\/?s={search_term_string}"},"query-input":{"@type":"PropertyValueSpecification","valueRequired":true,"valueName":"search_term_string"}}],"inLanguage":"en-US"},{"@type":"Organization","@id":"https:\/\/ophiradistribution.com\/en\/#organization","name":"OPHIRA UNIVERSE SL","url":"https:\/\/ophiradistribution.com\/en\/","logo":{"@type":"ImageObject","inLanguage":"en-US","@id":"https:\/\/ophiradistribution.com\/en\/#\/schema\/logo\/image\/","url":"https:\/\/ophiradistribution.com\/wp-content\/uploads\/2026\/01\/ophira_logo_big.png","contentUrl":"https:\/\/ophiradistribution.com\/wp-content\/uploads\/2026\/01\/ophira_logo_big.png","width":500,"height":433,"caption":"OPHIRA UNIVERSE SL"},"image":{"@id":"https:\/\/ophiradistribution.com\/en\/#\/schema\/logo\/image\/"}}]}},"_links":{"self":[{"href":"https:\/\/ophiradistribution.com\/en\/wp-json\/wp\/v2\/product\/8706","targetHints":{"allow":["GET"]}}],"collection":[{"href":"https:\/\/ophiradistribution.com\/en\/wp-json\/wp\/v2\/product"}],"about":[{"href":"https:\/\/ophiradistribution.com\/en\/wp-json\/wp\/v2\/types\/product"}],"wp:featuredmedia":[{"embeddable":true,"href":"https:\/\/ophiradistribution.com\/en\/wp-json\/wp\/v2\/media\/8707"}],"wp:attachment":[{"href":"https:\/\/ophiradistribution.com\/en\/wp-json\/wp\/v2\/media?parent=8706"}],"wp:term":[{"taxonomy":"product_brand","embeddable":true,"href":"https:\/\/ophiradistribution.com\/en\/wp-json\/wp\/v2\/product_brand?post=8706"},{"taxonomy":"product_cat","embeddable":true,"href":"https:\/\/ophiradistribution.com\/en\/wp-json\/wp\/v2\/product_cat?post=8706"},{"taxonomy":"product_tag","embeddable":true,"href":"https:\/\/ophiradistribution.com\/en\/wp-json\/wp\/v2\/product_tag?post=8706"}],"curies":[{"name":"wp","href":"https:\/\/api.w.org\/{rel}","templated":true}]}}