{"id":8749,"date":"2026-03-18T12:35:43","date_gmt":"2026-03-18T11:35:43","guid":{"rendered":"https:\/\/ophiradistribution.com\/?post_type=product&#038;p=8749"},"modified":"2026-03-18T12:35:44","modified_gmt":"2026-03-18T11:35:44","slug":"georgie-porgie-cartucho-precargado-zeltu-lemon-drizzle-velvet-cake-2ml","status":"publish","type":"product","link":"https:\/\/ophiradistribution.com\/en\/product\/georgie-porgie-cartucho-precargado-zeltu-lemon-drizzle-velvet-cake-2ml\/","title":{"rendered":"Georgie Porgie-Cartucho Precargado Zeltu &#8211; Lemon Drizzle Velvet Cake 2ml"},"content":{"rendered":"<p>El cartucho precargado Zeltu X3 Georgie Porgie Lemon Drizzle Velvet Cake, emula el sabor de un postre popular. Esta mezcla inspirada en el glaseado de lim\u00f3n combina una base de bizcocho dulce con notas c\u00edtricas.<\/p>\n<p>El cartucho precargado Zeltu X3 Georgie Porgie Lemon Drizzle Velvet Cake est\u00e1 dise\u00f1ado para usarse con los dispositivos Zeltu X3 y Zeltu X3 Plus. Precargado con 2 ml de e-l\u00edquido de sales de nicotina en concentraciones de 10 mg y 20 mg, proporciona un golpe de garganta suave y satisface r\u00e1pidamente los antojos gracias a su r\u00e1pida absorci\u00f3n. Con cada calada, experimentar\u00e1s una cantidad discreta de vapor, para una inhalaci\u00f3n MTL (boca a pulm\u00f3n) similar a la de un cigarrillo.<\/p>\n<p>Caracter\u00edsticas:<br \/>\nCompatible con los kits Zeltu X3 y Zeltu X3 Plus Pod<br \/>\nPod precargado de 2 ml<br \/>\n600 caladas por pod<br \/>\nL\u00edquido con sales de nicotina de 10 mg y 20 mg<br \/>\nVapeo MTL (boca a pulm\u00f3n)<br \/>\nResistencia de malla de 0,8 ohmios<br \/>\nEste pod incorpora una resistencia integrada y, cuando se agota el l\u00edquido, puedes reemplazarlo por uno nuevo.<\/p>\n","protected":false},"excerpt":{"rendered":"<p>El cartucho precargado Zeltu X3 Georgie Porgie Lemon Drizzle Velvet Cake, emula el sabor de un postre popular. Esta mezcla inspirada en el glaseado de lim\u00f3n combina una base de bizcocho dulce con notas c\u00edtricas. El cartucho precargado Zeltu X3 Georgie Porgie Lemon Drizzle Velvet Cake est\u00e1 dise\u00f1ado para usarse con los dispositivos Zeltu X3 [&hellip;]<\/p>\n","protected":false},"featured_media":8750,"template":"","meta":[],"product_brand":[76],"product_cat":[64,218,58],"product_tag":[],"class_list":{"0":"post-8749","1":"product","2":"type-product","3":"status-publish","4":"has-post-thumbnail","6":"product_brand-zeltu","7":"product_cat-accesorios","8":"product_cat-precargado","9":"product_cat-vapeo","11":"first","12":"instock","13":"taxable","14":"shipping-taxable","15":"product-type-variable"},"yoast_head":"<!-- This site is optimized with the Yoast SEO plugin v27.1.1 - https:\/\/yoast.com\/product\/yoast-seo-wordpress\/ -->\n<title>Georgie Porgie-Cartucho Precargado Zeltu - Lemon Drizzle Velvet Cake 2ml - OPHIRA UNIVERSE SL<\/title>\n<meta name=\"robots\" content=\"index, follow, max-snippet:-1, max-image-preview:large, max-video-preview:-1\" \/>\n<link rel=\"canonical\" href=\"https:\/\/ophiradistribution.com\/en\/product\/georgie-porgie-cartucho-precargado-zeltu-lemon-drizzle-velvet-cake-2ml\/\" \/>\n<meta property=\"og:locale\" content=\"en_US\" \/>\n<meta property=\"og:type\" content=\"article\" \/>\n<meta property=\"og:title\" content=\"Georgie Porgie-Cartucho Precargado Zeltu - Lemon Drizzle Velvet Cake 2ml - OPHIRA UNIVERSE SL\" \/>\n<meta property=\"og:description\" content=\"El cartucho precargado Zeltu X3 Georgie Porgie Lemon Drizzle Velvet Cake, emula el sabor de un postre popular. Esta mezcla inspirada en el glaseado de lim\u00f3n combina una base de bizcocho dulce con notas c\u00edtricas. El cartucho precargado Zeltu X3 Georgie Porgie Lemon Drizzle Velvet Cake est\u00e1 dise\u00f1ado para usarse con los dispositivos Zeltu X3 [&hellip;]\" \/>\n<meta property=\"og:url\" content=\"https:\/\/ophiradistribution.com\/en\/product\/georgie-porgie-cartucho-precargado-zeltu-lemon-drizzle-velvet-cake-2ml\/\" \/>\n<meta property=\"og:site_name\" content=\"OPHIRA UNIVERSE SL\" \/>\n<meta property=\"article:modified_time\" content=\"2026-03-18T11:35:44+00:00\" \/>\n<meta property=\"og:image\" content=\"https:\/\/ophiradistribution.com\/wp-content\/uploads\/2026\/03\/georgi-porgie-lemon-drizzle-velvet-cake-10mg-1024x1024.png\" \/>\n\t<meta property=\"og:image:width\" content=\"1024\" \/>\n\t<meta property=\"og:image:height\" content=\"1024\" \/>\n\t<meta property=\"og:image:type\" content=\"image\/png\" \/>\n<meta name=\"twitter:card\" content=\"summary_large_image\" \/>\n<meta name=\"twitter:label1\" content=\"Est. reading time\" \/>\n\t<meta name=\"twitter:data1\" content=\"1 minute\" \/>\n<script type=\"application\/ld+json\" class=\"yoast-schema-graph\">{\"@context\":\"https:\/\/schema.org\",\"@graph\":[{\"@type\":\"WebPage\",\"@id\":\"https:\/\/ophiradistribution.com\/en\/product\/georgie-porgie-cartucho-precargado-zeltu-lemon-drizzle-velvet-cake-2ml\/\",\"url\":\"https:\/\/ophiradistribution.com\/en\/product\/georgie-porgie-cartucho-precargado-zeltu-lemon-drizzle-velvet-cake-2ml\/\",\"name\":\"Georgie Porgie-Cartucho Precargado Zeltu - Lemon Drizzle Velvet Cake 2ml - OPHIRA UNIVERSE SL\",\"isPartOf\":{\"@id\":\"https:\/\/ophiradistribution.com\/en\/#website\"},\"primaryImageOfPage\":{\"@id\":\"https:\/\/ophiradistribution.com\/en\/product\/georgie-porgie-cartucho-precargado-zeltu-lemon-drizzle-velvet-cake-2ml\/#primaryimage\"},\"image\":{\"@id\":\"https:\/\/ophiradistribution.com\/en\/product\/georgie-porgie-cartucho-precargado-zeltu-lemon-drizzle-velvet-cake-2ml\/#primaryimage\"},\"thumbnailUrl\":\"https:\/\/ophiradistribution.com\/wp-content\/uploads\/2026\/03\/georgi-porgie-lemon-drizzle-velvet-cake-10mg-scaled.png\",\"datePublished\":\"2026-03-18T11:35:43+00:00\",\"dateModified\":\"2026-03-18T11:35:44+00:00\",\"breadcrumb\":{\"@id\":\"https:\/\/ophiradistribution.com\/en\/product\/georgie-porgie-cartucho-precargado-zeltu-lemon-drizzle-velvet-cake-2ml\/#breadcrumb\"},\"inLanguage\":\"en-US\",\"potentialAction\":[{\"@type\":\"ReadAction\",\"target\":[\"https:\/\/ophiradistribution.com\/en\/product\/georgie-porgie-cartucho-precargado-zeltu-lemon-drizzle-velvet-cake-2ml\/\"]}]},{\"@type\":\"ImageObject\",\"inLanguage\":\"en-US\",\"@id\":\"https:\/\/ophiradistribution.com\/en\/product\/georgie-porgie-cartucho-precargado-zeltu-lemon-drizzle-velvet-cake-2ml\/#primaryimage\",\"url\":\"https:\/\/ophiradistribution.com\/wp-content\/uploads\/2026\/03\/georgi-porgie-lemon-drizzle-velvet-cake-10mg-scaled.png\",\"contentUrl\":\"https:\/\/ophiradistribution.com\/wp-content\/uploads\/2026\/03\/georgi-porgie-lemon-drizzle-velvet-cake-10mg-scaled.png\",\"width\":2560,\"height\":2560},{\"@type\":\"BreadcrumbList\",\"@id\":\"https:\/\/ophiradistribution.com\/en\/product\/georgie-porgie-cartucho-precargado-zeltu-lemon-drizzle-velvet-cake-2ml\/#breadcrumb\",\"itemListElement\":[{\"@type\":\"ListItem\",\"position\":1,\"name\":\"Portada\",\"item\":\"https:\/\/ophiradistribution.com\/en\/\"},{\"@type\":\"ListItem\",\"position\":2,\"name\":\"Shop\",\"item\":\"https:\/\/ophiradistribution.com\/en\/shop\/\"},{\"@type\":\"ListItem\",\"position\":3,\"name\":\"Georgie Porgie-Cartucho Precargado Zeltu &#8211; Lemon Drizzle Velvet Cake 2ml\"}]},{\"@type\":\"WebSite\",\"@id\":\"https:\/\/ophiradistribution.com\/en\/#website\",\"url\":\"https:\/\/ophiradistribution.com\/en\/\",\"name\":\"OPHIRA DISTRIBUTION\",\"description\":\"Distribuidores de productos de vapeo y CBD en la UE\",\"publisher\":{\"@id\":\"https:\/\/ophiradistribution.com\/en\/#organization\"},\"potentialAction\":[{\"@type\":\"SearchAction\",\"target\":{\"@type\":\"EntryPoint\",\"urlTemplate\":\"https:\/\/ophiradistribution.com\/en\/?s={search_term_string}\"},\"query-input\":{\"@type\":\"PropertyValueSpecification\",\"valueRequired\":true,\"valueName\":\"search_term_string\"}}],\"inLanguage\":\"en-US\"},{\"@type\":\"Organization\",\"@id\":\"https:\/\/ophiradistribution.com\/en\/#organization\",\"name\":\"OPHIRA UNIVERSE SL\",\"url\":\"https:\/\/ophiradistribution.com\/en\/\",\"logo\":{\"@type\":\"ImageObject\",\"inLanguage\":\"en-US\",\"@id\":\"https:\/\/ophiradistribution.com\/en\/#\/schema\/logo\/image\/\",\"url\":\"https:\/\/ophiradistribution.com\/wp-content\/uploads\/2026\/01\/ophira_logo_big.png\",\"contentUrl\":\"https:\/\/ophiradistribution.com\/wp-content\/uploads\/2026\/01\/ophira_logo_big.png\",\"width\":500,\"height\":433,\"caption\":\"OPHIRA UNIVERSE SL\"},\"image\":{\"@id\":\"https:\/\/ophiradistribution.com\/en\/#\/schema\/logo\/image\/\"}}]}<\/script>\n<!-- \/ Yoast SEO plugin. -->","yoast_head_json":{"title":"Georgie Porgie-Cartucho Precargado Zeltu - Lemon Drizzle Velvet Cake 2ml - OPHIRA UNIVERSE SL","robots":{"index":"index","follow":"follow","max-snippet":"max-snippet:-1","max-image-preview":"max-image-preview:large","max-video-preview":"max-video-preview:-1"},"canonical":"https:\/\/ophiradistribution.com\/en\/product\/georgie-porgie-cartucho-precargado-zeltu-lemon-drizzle-velvet-cake-2ml\/","og_locale":"en_US","og_type":"article","og_title":"Georgie Porgie-Cartucho Precargado Zeltu - Lemon Drizzle Velvet Cake 2ml - OPHIRA UNIVERSE SL","og_description":"El cartucho precargado Zeltu X3 Georgie Porgie Lemon Drizzle Velvet Cake, emula el sabor de un postre popular. Esta mezcla inspirada en el glaseado de lim\u00f3n combina una base de bizcocho dulce con notas c\u00edtricas. El cartucho precargado Zeltu X3 Georgie Porgie Lemon Drizzle Velvet Cake est\u00e1 dise\u00f1ado para usarse con los dispositivos Zeltu X3 [&hellip;]","og_url":"https:\/\/ophiradistribution.com\/en\/product\/georgie-porgie-cartucho-precargado-zeltu-lemon-drizzle-velvet-cake-2ml\/","og_site_name":"OPHIRA UNIVERSE SL","article_modified_time":"2026-03-18T11:35:44+00:00","og_image":[{"width":1024,"height":1024,"url":"https:\/\/ophiradistribution.com\/wp-content\/uploads\/2026\/03\/georgi-porgie-lemon-drizzle-velvet-cake-10mg-1024x1024.png","type":"image\/png"}],"twitter_card":"summary_large_image","twitter_misc":{"Est. reading time":"1 minute"},"schema":{"@context":"https:\/\/schema.org","@graph":[{"@type":"WebPage","@id":"https:\/\/ophiradistribution.com\/en\/product\/georgie-porgie-cartucho-precargado-zeltu-lemon-drizzle-velvet-cake-2ml\/","url":"https:\/\/ophiradistribution.com\/en\/product\/georgie-porgie-cartucho-precargado-zeltu-lemon-drizzle-velvet-cake-2ml\/","name":"Georgie Porgie-Cartucho Precargado Zeltu - Lemon Drizzle Velvet Cake 2ml - OPHIRA UNIVERSE SL","isPartOf":{"@id":"https:\/\/ophiradistribution.com\/en\/#website"},"primaryImageOfPage":{"@id":"https:\/\/ophiradistribution.com\/en\/product\/georgie-porgie-cartucho-precargado-zeltu-lemon-drizzle-velvet-cake-2ml\/#primaryimage"},"image":{"@id":"https:\/\/ophiradistribution.com\/en\/product\/georgie-porgie-cartucho-precargado-zeltu-lemon-drizzle-velvet-cake-2ml\/#primaryimage"},"thumbnailUrl":"https:\/\/ophiradistribution.com\/wp-content\/uploads\/2026\/03\/georgi-porgie-lemon-drizzle-velvet-cake-10mg-scaled.png","datePublished":"2026-03-18T11:35:43+00:00","dateModified":"2026-03-18T11:35:44+00:00","breadcrumb":{"@id":"https:\/\/ophiradistribution.com\/en\/product\/georgie-porgie-cartucho-precargado-zeltu-lemon-drizzle-velvet-cake-2ml\/#breadcrumb"},"inLanguage":"en-US","potentialAction":[{"@type":"ReadAction","target":["https:\/\/ophiradistribution.com\/en\/product\/georgie-porgie-cartucho-precargado-zeltu-lemon-drizzle-velvet-cake-2ml\/"]}]},{"@type":"ImageObject","inLanguage":"en-US","@id":"https:\/\/ophiradistribution.com\/en\/product\/georgie-porgie-cartucho-precargado-zeltu-lemon-drizzle-velvet-cake-2ml\/#primaryimage","url":"https:\/\/ophiradistribution.com\/wp-content\/uploads\/2026\/03\/georgi-porgie-lemon-drizzle-velvet-cake-10mg-scaled.png","contentUrl":"https:\/\/ophiradistribution.com\/wp-content\/uploads\/2026\/03\/georgi-porgie-lemon-drizzle-velvet-cake-10mg-scaled.png","width":2560,"height":2560},{"@type":"BreadcrumbList","@id":"https:\/\/ophiradistribution.com\/en\/product\/georgie-porgie-cartucho-precargado-zeltu-lemon-drizzle-velvet-cake-2ml\/#breadcrumb","itemListElement":[{"@type":"ListItem","position":1,"name":"Portada","item":"https:\/\/ophiradistribution.com\/en\/"},{"@type":"ListItem","position":2,"name":"Shop","item":"https:\/\/ophiradistribution.com\/en\/shop\/"},{"@type":"ListItem","position":3,"name":"Georgie Porgie-Cartucho Precargado Zeltu &#8211; Lemon Drizzle Velvet Cake 2ml"}]},{"@type":"WebSite","@id":"https:\/\/ophiradistribution.com\/en\/#website","url":"https:\/\/ophiradistribution.com\/en\/","name":"OPHIRA DISTRIBUTION","description":"Distribuidores de productos de vapeo y CBD en la UE","publisher":{"@id":"https:\/\/ophiradistribution.com\/en\/#organization"},"potentialAction":[{"@type":"SearchAction","target":{"@type":"EntryPoint","urlTemplate":"https:\/\/ophiradistribution.com\/en\/?s={search_term_string}"},"query-input":{"@type":"PropertyValueSpecification","valueRequired":true,"valueName":"search_term_string"}}],"inLanguage":"en-US"},{"@type":"Organization","@id":"https:\/\/ophiradistribution.com\/en\/#organization","name":"OPHIRA UNIVERSE SL","url":"https:\/\/ophiradistribution.com\/en\/","logo":{"@type":"ImageObject","inLanguage":"en-US","@id":"https:\/\/ophiradistribution.com\/en\/#\/schema\/logo\/image\/","url":"https:\/\/ophiradistribution.com\/wp-content\/uploads\/2026\/01\/ophira_logo_big.png","contentUrl":"https:\/\/ophiradistribution.com\/wp-content\/uploads\/2026\/01\/ophira_logo_big.png","width":500,"height":433,"caption":"OPHIRA UNIVERSE SL"},"image":{"@id":"https:\/\/ophiradistribution.com\/en\/#\/schema\/logo\/image\/"}}]}},"_links":{"self":[{"href":"https:\/\/ophiradistribution.com\/en\/wp-json\/wp\/v2\/product\/8749","targetHints":{"allow":["GET"]}}],"collection":[{"href":"https:\/\/ophiradistribution.com\/en\/wp-json\/wp\/v2\/product"}],"about":[{"href":"https:\/\/ophiradistribution.com\/en\/wp-json\/wp\/v2\/types\/product"}],"wp:featuredmedia":[{"embeddable":true,"href":"https:\/\/ophiradistribution.com\/en\/wp-json\/wp\/v2\/media\/8750"}],"wp:attachment":[{"href":"https:\/\/ophiradistribution.com\/en\/wp-json\/wp\/v2\/media?parent=8749"}],"wp:term":[{"taxonomy":"product_brand","embeddable":true,"href":"https:\/\/ophiradistribution.com\/en\/wp-json\/wp\/v2\/product_brand?post=8749"},{"taxonomy":"product_cat","embeddable":true,"href":"https:\/\/ophiradistribution.com\/en\/wp-json\/wp\/v2\/product_cat?post=8749"},{"taxonomy":"product_tag","embeddable":true,"href":"https:\/\/ophiradistribution.com\/en\/wp-json\/wp\/v2\/product_tag?post=8749"}],"curies":[{"name":"wp","href":"https:\/\/api.w.org\/{rel}","templated":true}]}}